{"id":7800,"date":"2023-04-28T09:24:26","date_gmt":"2023-04-28T07:24:26","guid":{"rendered":"https:\/\/wp.lutz-blades.com\/nadruk\/"},"modified":"2025-08-26T13:39:53","modified_gmt":"2025-08-26T11:39:53","slug":"nadruk","status":"publish","type":"page","link":"https:\/\/lutz-blades.com\/pl\/nadruk\/","title":{"rendered":"Nadruk"},"content":{"rendered":"\n\t\t\t       \n            \n            <div class=\"hero hero-358563d3 sub\" data-slides=\"1\" data-start=\"0\">\n\t\t\t\t\n\t\t\t\t\t\t\t\t\n\t\t\t\t<div class=\"acf-innerblocks-container\">\n\r\n\t\t\t       \r\n                    \r\n            <div class=\"hero-slide hero-slide-c8dbf4cd is-style-image\">\r\n\t\t\t\t<div class=\"hero-canvas\" data-aos=\"fade-right\">\r\n\t\t\t\t\t<h1 class=\"hero-headline\">Nadruk<\/h1>\t\t\t\t\t<span class=\"hero-subheadline subheadline\">LUTZ BLADES dok\u0142adnie<\/span>\t\t\t\t\t\t\t\t\t<\/div>\r\n\t\t\t\t<div class=\"hero-media hero-media-image\" data-aos=\"fade-left\"><img loading=\"lazy\" decoding=\"async\" width=\"1860\" height=\"720\" src=\"https:\/\/lutz-blades.com\/wp-content\/uploads\/lutz-blades-standort-solingen.jpg\" class=\"attachment-full size-full\" alt=\"\" srcset=\"https:\/\/lutz-blades.com\/wp-content\/uploads\/lutz-blades-standort-solingen.jpg 1860w, https:\/\/lutz-blades.com\/wp-content\/uploads\/lutz-blades-standort-solingen-300x116.jpg 300w, https:\/\/lutz-blades.com\/wp-content\/uploads\/lutz-blades-standort-solingen-1024x396.jpg 1024w, https:\/\/lutz-blades.com\/wp-content\/uploads\/lutz-blades-standort-solingen-768x297.jpg 768w, https:\/\/lutz-blades.com\/wp-content\/uploads\/lutz-blades-standort-solingen-1536x595.jpg 1536w, https:\/\/lutz-blades.com\/wp-content\/uploads\/lutz-blades-standort-solingen-800x310.jpg 800w, https:\/\/lutz-blades.com\/wp-content\/uploads\/lutz-blades-standort-solingen-25x10.jpg 25w, https:\/\/lutz-blades.com\/wp-content\/uploads\/lutz-blades-standort-solingen-40x15.jpg 40w, https:\/\/lutz-blades.com\/wp-content\/uploads\/lutz-blades-standort-solingen-50x19.jpg 50w\" sizes=\"auto, (max-width: 1860px) 100vw, 1860px\" \/><\/div>            <\/div>\r\n\t\t\t\t\r\n            \t\t\t\r\n\t\t\t\r\n\r\n\r\n            \n<\/div>\n\t\t\t\t\t\t\t\t\t\t\t\t\n\t\t\t\t\t\t\t<\/div>\n\t\t\t\t\n\t\t\t\n\t\t\t        \n            \n\n<section class=\"gb-container gb-container-f420d16f gb-container-white\">\n<div class=\"gb-container gb-container-1bb3f6f5\">\n\n<div class=\"wp-block-pixel-headline headlines is-subheadline-bottom has-text-align-left\"><h2 class=\"headline\" style=\"color:\">Nadruk<\/h2><\/div>\n\n\n<div class=\"gb-grid-wrapper gb-grid-wrapper-20769924\">\n<div class=\"gb-grid-column gb-grid-column-ff356af9\"><div class=\"gb-container gb-container-ff356af9\" data-aos=\"fade-right\">\n\n<p>LUTZ GmbH &amp; Co. KG<br>Piepersberg 20<br>42653 Solingen<br>Niemcy<\/p>\n\n\n\n<p><strong>Kontakt:<\/strong><br>Tel: <a href=\"tel:+4921259660\" target=\"_blank\" rel=\"nofollow\">+49 212 5966-0<\/a><br>E-mail:  <a href=\"mailto:info@lutz-blades.com\"><\/a><a href=\"javascript:linkTo_UnCryptMailto(%27ocknvq%2CkphqBnwvb%5C%2Fdncfgu0eqo%27);\" target=\"_blank\" rel=\"nofollow\">info@lutz-blades.com<\/a><\/p>\n\n\n\n<p><strong>Numer identyfikacji podatkowej sprzeda\u017cy:<\/strong><br>Numer identyfikacyjny VAT: DE 120874491<\/p>\n\n\n\n<p><strong>Rejestr handlowy:<\/strong><br>S\u0105d rejonowy w Wuppertalu, rejestr handlowy A 19444<\/p>\n\n\n\n<p><strong>Komplementariusz:<\/strong><br>Lutz-Verwaltungs GmbH<br>S\u0105d Rejonowy w Wuppertalu, Rejestr Handlowy B 16707<\/p>\n\n\n\n<p><strong>Dyrektor zarz\u0105dzaj\u0105cy:<br><\/strong>Dipl.-Ing. (FH) Alexander Lutz<br>Dipl.-Wirt.-Ing. (FH) Martin Wurth<br>Dipl.-\u00d6k. Christian Kn\u00f6ppel<\/p>\n\n\n\n<p><strong>Ochrona sygnalist\u00f3w:<\/strong><br><a href=\"mailto:Hinweisgeberschutz-LUTZ@web.de\" target=\"_blank\" rel=\"nofollow\">Hinweisgeberschutz-LUTZ@web.de<\/a><\/p>\n\n\n\n<div class=\"wp-block-pixel-headline headlines is-subheadline-bottom has-text-align-left\"><h3 class=\"headline\" style=\"color:\">Rozstrzyganie spor\u00f3w<\/h3><\/div>\n\n\n\n<p>Nie jeste\u015bmy sk\u0142onni ani zobowi\u0105zani do udzia\u0142u w post\u0119powaniu rozstrzygaj\u0105cym spory przed komisj\u0105 arbitra\u017cow\u0105 ds. konsument\u00f3w.<\/p>\n\n<\/div><\/div>\n\n<div class=\"gb-grid-column gb-grid-column-3bae260f\"><div class=\"gb-container gb-container-3bae260f\" data-aos=\"fade-left\">\n\n<div class=\"wp-block-pixel-headline headlines is-subheadline-bottom has-text-align-left\"><h3 class=\"headline\" style=\"color:\">Odpowiedzialno\u015b\u0107 za zawarto\u015b\u0107<\/h3><\/div>\n\n\n\n<p>Jako us\u0142ugodawca jeste\u015bmy zobowi\u0105zani zgodnie z \u00a7 7 ust. 1 DDG ponosi odpowiedzialno\u015b\u0107 za w\u0142asne tre\u015bci na tych stronach zgodnie z og\u00f3lnymi przepisami prawa. Zgodnie z \u00a7\u00a7 8 do 10 DDG nie jeste\u015bmy jednak zobowi\u0105zani jako us\u0142ugodawca do monitorowania przekazywanych lub przechowywanych informacji os\u00f3b trzecich ani do badania okoliczno\u015bci wskazuj\u0105cych na nielegaln\u0105 dzia\u0142alno\u015b\u0107.<\/p>\n\n\n\n<p>Nie ma to wp\u0142ywu na zobowi\u0105zania do usuni\u0119cia lub zablokowania korzystania z informacji zgodnie z og\u00f3lnymi przepisami prawa. Odpowiedzialno\u015b\u0107 w tym zakresie jest jednak mo\u017cliwa dopiero od momentu dowiedzenia si\u0119 o konkretnym naruszeniu. Je\u015bli dowiemy si\u0119 o takich naruszeniach, natychmiast usuniemy te tre\u015bci.<\/p>\n\n\n\n<div class=\"wp-block-pixel-headline headlines is-subheadline-bottom has-text-align-left\"><h3 class=\"headline\" style=\"color:\">Odpowiedzialno\u015b\u0107 za linki<\/h3><\/div>\n\n\n\n<p>Nasza oferta zawiera linki do zewn\u0119trznych stron internetowych os\u00f3b trzecich, na kt\u00f3rych zawarto\u015b\u0107 nie mamy wp\u0142ywu. W zwi\u0105zku z tym nie mo\u017cemy ponosi\u0107 \u017cadnej odpowiedzialno\u015bci za te tre\u015bci zewn\u0119trzne. Odpowiedni dostawca lub operator stron jest zawsze odpowiedzialny za tre\u015b\u0107 stron, do kt\u00f3rych prowadz\u0105 linki. Po\u0142\u0105czone strony zosta\u0142y sprawdzone pod k\u0105tem mo\u017cliwych narusze\u0144 prawa w momencie ich \u0142\u0105czenia. Nielegalna zawarto\u015b\u0107 nie by\u0142a rozpoznawalna w momencie linkowania.<\/p>\n\n\n\n<p>Sta\u0142a kontrola zawarto\u015bci stron, do kt\u00f3rych prowadz\u0105 linki, nie jest jednak uzasadniona bez konkretnych przes\u0142anek wskazuj\u0105cych na naruszenie prawa. Je\u015bli dowiemy si\u0119 o jakichkolwiek naruszeniach prawa, natychmiast usuniemy takie linki.<\/p>\n\n\n\n<div class=\"wp-block-pixel-headline headlines is-subheadline-bottom has-text-align-left\"><h3 class=\"headline\" style=\"color:\">Prawa autorskie<\/h3><\/div>\n\n\n\n<p>Tre\u015bci i dzie\u0142a stworzone przez operator\u00f3w witryny na tych stronach podlegaj\u0105 niemieckiemu prawu autorskiemu. Powielanie, edytowanie, rozpowszechnianie i wszelkiego rodzaju wykorzystywanie poza granicami prawa autorskiego wymaga pisemnej zgody odpowiedniego autora lub tw\u00f3rcy. Pobieranie i kopiowanie tej strony jest dozwolone wy\u0142\u0105cznie do prywatnego, niekomercyjnego u\u017cytku.<\/p>\n\n\n\n<p>O ile tre\u015bci na tej stronie nie zosta\u0142y stworzone przez operatora, prawa autorskie os\u00f3b trzecich s\u0105 przestrzegane. W szczeg\u00f3lno\u015bci tre\u015bci os\u00f3b trzecich s\u0105 identyfikowane jako takie. Je\u015bli mimo to dowiesz si\u0119 o naruszeniu praw autorskich, poinformuj nas o tym. Je\u015bli dowiemy si\u0119 o jakichkolwiek naruszeniach, niezw\u0142ocznie usuniemy takie tre\u015bci.<\/p>\n\n<\/div><\/div>\n<\/div>\n<\/div>\n<\/section>","protected":false},"excerpt":{"rendered":"","protected":false},"author":1,"featured_media":0,"parent":0,"menu_order":27,"comment_status":"closed","ping_status":"closed","template":"","meta":{"_acf_changed":false,"footnotes":""},"class_list":{"0":"post-7800","1":"page","2":"type-page","3":"status-publish","5":"no-featured-image-padding"},"acf":[],"yoast_head":"<!-- This site is optimized with the Yoast SEO plugin v27.2 - https:\/\/yoast.com\/product\/yoast-seo-wordpress\/ -->\n<title>Nadruk - LUTZ BLADES<\/title>\n<meta name=\"description\" content=\"Dowiedz si\u0119 wi\u0119cej o marce LUTZ BLADES \u27a1 Tutaj znajdziesz dane kontaktowe i dane prawne firmy.\" \/>\n<meta name=\"robots\" content=\"index, follow, max-snippet:-1, max-image-preview:large, max-video-preview:-1\" \/>\n<link rel=\"canonical\" href=\"https:\/\/lutz-blades.com\/pl\/nadruk\/\" \/>\n<meta property=\"og:locale\" content=\"pl_PL\" \/>\n<meta property=\"og:type\" content=\"article\" \/>\n<meta property=\"og:title\" content=\"Nadruk - LUTZ BLADES\" \/>\n<meta property=\"og:description\" content=\"Dowiedz si\u0119 wi\u0119cej o marce LUTZ BLADES \u27a1 Tutaj znajdziesz dane kontaktowe i dane prawne firmy.\" \/>\n<meta property=\"og:url\" content=\"https:\/\/lutz-blades.com\/pl\/nadruk\/\" \/>\n<meta property=\"og:site_name\" content=\"LUTZ BLADES exactly\" \/>\n<meta property=\"article:modified_time\" content=\"2025-08-26T11:39:53+00:00\" \/>\n<meta name=\"twitter:card\" content=\"summary_large_image\" \/>\n<meta name=\"twitter:label1\" content=\"Szacowany czas czytania\" \/>\n\t<meta name=\"twitter:data1\" content=\"3 minuty\" \/>\n<script type=\"application\/ld+json\" class=\"yoast-schema-graph\">{\"@context\":\"https:\/\/schema.org\",\"@graph\":[{\"@type\":\"WebPage\",\"@id\":\"https:\/\/lutz-blades.com\/pl\/nadruk\/\",\"url\":\"https:\/\/lutz-blades.com\/pl\/nadruk\/\",\"name\":\"Nadruk - LUTZ BLADES\",\"isPartOf\":{\"@id\":\"https:\/\/lutz-blades.com\/pl\/#website\"},\"datePublished\":\"2023-04-28T07:24:26+00:00\",\"dateModified\":\"2025-08-26T11:39:53+00:00\",\"description\":\"Dowiedz si\u0119 wi\u0119cej o marce LUTZ BLADES \u27a1 Tutaj znajdziesz dane kontaktowe i dane prawne firmy.\",\"breadcrumb\":{\"@id\":\"https:\/\/lutz-blades.com\/pl\/nadruk\/#breadcrumb\"},\"inLanguage\":\"pl-PL\",\"potentialAction\":[{\"@type\":\"ReadAction\",\"target\":[\"https:\/\/lutz-blades.com\/pl\/nadruk\/\"]}]},{\"@type\":\"BreadcrumbList\",\"@id\":\"https:\/\/lutz-blades.com\/pl\/nadruk\/#breadcrumb\",\"itemListElement\":[{\"@type\":\"ListItem\",\"position\":1,\"name\":\"Startseite\",\"item\":\"https:\/\/lutz-blades.com\/pl\/\"},{\"@type\":\"ListItem\",\"position\":2,\"name\":\"Nadruk\"}]},{\"@type\":\"WebSite\",\"@id\":\"https:\/\/lutz-blades.com\/pl\/#website\",\"url\":\"https:\/\/lutz-blades.com\/pl\/\",\"name\":\"LUTZ BLADES exactly\",\"description\":\"\",\"publisher\":{\"@id\":\"https:\/\/lutz-blades.com\/pl\/#organization\"},\"potentialAction\":[{\"@type\":\"SearchAction\",\"target\":{\"@type\":\"EntryPoint\",\"urlTemplate\":\"https:\/\/lutz-blades.com\/pl\/?s={search_term_string}\"},\"query-input\":{\"@type\":\"PropertyValueSpecification\",\"valueRequired\":true,\"valueName\":\"search_term_string\"}}],\"inLanguage\":\"pl-PL\"},{\"@type\":\"Organization\",\"@id\":\"https:\/\/lutz-blades.com\/pl\/#organization\",\"name\":\"LUTZ BLADES exactly\",\"url\":\"https:\/\/lutz-blades.com\/pl\/\",\"logo\":{\"@type\":\"ImageObject\",\"inLanguage\":\"pl-PL\",\"@id\":\"https:\/\/lutz-blades.com\/pl\/#\/schema\/logo\/image\/\",\"url\":\"https:\/\/lutz-blades.com\/wp-content\/uploads\/lutz-blades-logo.svg\",\"contentUrl\":\"https:\/\/lutz-blades.com\/wp-content\/uploads\/lutz-blades-logo.svg\",\"width\":240,\"height\":66,\"caption\":\"LUTZ BLADES exactly\"},\"image\":{\"@id\":\"https:\/\/lutz-blades.com\/pl\/#\/schema\/logo\/image\/\"}}]}<\/script>\n<!-- \/ Yoast SEO plugin. -->","yoast_head_json":{"title":"Nadruk - LUTZ BLADES","description":"Dowiedz si\u0119 wi\u0119cej o marce LUTZ BLADES \u27a1 Tutaj znajdziesz dane kontaktowe i dane prawne firmy.","robots":{"index":"index","follow":"follow","max-snippet":"max-snippet:-1","max-image-preview":"max-image-preview:large","max-video-preview":"max-video-preview:-1"},"canonical":"https:\/\/lutz-blades.com\/pl\/nadruk\/","og_locale":"pl_PL","og_type":"article","og_title":"Nadruk - LUTZ BLADES","og_description":"Dowiedz si\u0119 wi\u0119cej o marce LUTZ BLADES \u27a1 Tutaj znajdziesz dane kontaktowe i dane prawne firmy.","og_url":"https:\/\/lutz-blades.com\/pl\/nadruk\/","og_site_name":"LUTZ BLADES exactly","article_modified_time":"2025-08-26T11:39:53+00:00","twitter_card":"summary_large_image","twitter_misc":{"Szacowany czas czytania":"3 minuty"},"schema":{"@context":"https:\/\/schema.org","@graph":[{"@type":"WebPage","@id":"https:\/\/lutz-blades.com\/pl\/nadruk\/","url":"https:\/\/lutz-blades.com\/pl\/nadruk\/","name":"Nadruk - LUTZ BLADES","isPartOf":{"@id":"https:\/\/lutz-blades.com\/pl\/#website"},"datePublished":"2023-04-28T07:24:26+00:00","dateModified":"2025-08-26T11:39:53+00:00","description":"Dowiedz si\u0119 wi\u0119cej o marce LUTZ BLADES \u27a1 Tutaj znajdziesz dane kontaktowe i dane prawne firmy.","breadcrumb":{"@id":"https:\/\/lutz-blades.com\/pl\/nadruk\/#breadcrumb"},"inLanguage":"pl-PL","potentialAction":[{"@type":"ReadAction","target":["https:\/\/lutz-blades.com\/pl\/nadruk\/"]}]},{"@type":"BreadcrumbList","@id":"https:\/\/lutz-blades.com\/pl\/nadruk\/#breadcrumb","itemListElement":[{"@type":"ListItem","position":1,"name":"Startseite","item":"https:\/\/lutz-blades.com\/pl\/"},{"@type":"ListItem","position":2,"name":"Nadruk"}]},{"@type":"WebSite","@id":"https:\/\/lutz-blades.com\/pl\/#website","url":"https:\/\/lutz-blades.com\/pl\/","name":"LUTZ BLADES exactly","description":"","publisher":{"@id":"https:\/\/lutz-blades.com\/pl\/#organization"},"potentialAction":[{"@type":"SearchAction","target":{"@type":"EntryPoint","urlTemplate":"https:\/\/lutz-blades.com\/pl\/?s={search_term_string}"},"query-input":{"@type":"PropertyValueSpecification","valueRequired":true,"valueName":"search_term_string"}}],"inLanguage":"pl-PL"},{"@type":"Organization","@id":"https:\/\/lutz-blades.com\/pl\/#organization","name":"LUTZ BLADES exactly","url":"https:\/\/lutz-blades.com\/pl\/","logo":{"@type":"ImageObject","inLanguage":"pl-PL","@id":"https:\/\/lutz-blades.com\/pl\/#\/schema\/logo\/image\/","url":"https:\/\/lutz-blades.com\/wp-content\/uploads\/lutz-blades-logo.svg","contentUrl":"https:\/\/lutz-blades.com\/wp-content\/uploads\/lutz-blades-logo.svg","width":240,"height":66,"caption":"LUTZ BLADES exactly"},"image":{"@id":"https:\/\/lutz-blades.com\/pl\/#\/schema\/logo\/image\/"}}]}},"_links":{"self":[{"href":"https:\/\/lutz-blades.com\/pl\/wp-json\/wp\/v2\/pages\/7800","targetHints":{"allow":["GET"]}}],"collection":[{"href":"https:\/\/lutz-blades.com\/pl\/wp-json\/wp\/v2\/pages"}],"about":[{"href":"https:\/\/lutz-blades.com\/pl\/wp-json\/wp\/v2\/types\/page"}],"author":[{"embeddable":true,"href":"https:\/\/lutz-blades.com\/pl\/wp-json\/wp\/v2\/users\/1"}],"replies":[{"embeddable":true,"href":"https:\/\/lutz-blades.com\/pl\/wp-json\/wp\/v2\/comments?post=7800"}],"version-history":[{"count":12,"href":"https:\/\/lutz-blades.com\/pl\/wp-json\/wp\/v2\/pages\/7800\/revisions"}],"predecessor-version":[{"id":90430,"href":"https:\/\/lutz-blades.com\/pl\/wp-json\/wp\/v2\/pages\/7800\/revisions\/90430"}],"wp:attachment":[{"href":"https:\/\/lutz-blades.com\/pl\/wp-json\/wp\/v2\/media?parent=7800"}],"curies":[{"name":"wp","href":"https:\/\/api.w.org\/{rel}","templated":true}]}}