{"id":64326,"date":"2024-06-19T14:49:15","date_gmt":"2024-06-19T12:49:15","guid":{"rendered":"https:\/\/lutz-blades.com\/?page_id=64326"},"modified":"2024-12-18T11:11:23","modified_gmt":"2024-12-18T10:11:23","slug":"maraton","status":"publish","type":"page","link":"https:\/\/lutz-blades.com\/pl\/maraton\/","title":{"rendered":"MARATHON"},"content":{"rendered":"<section class=\"gb-container gb-container-38ee220d marathon-section gb-container-white\">\n<div class=\"gb-container gb-container-9e928c60\">\n<div class=\"gb-container gb-container-79cb5536 marathon_tab gb-tabs\" data-opened-tab=\"1\">\n<div class=\"gb-container gb-container-da2941a9 marathon_links gb-tabs__buttons\">\n\n<button class=\"gb-button gb-button-1a110686 gb-button-text gb-tabs__button is-style-default\">Niewidzialny<\/button>\n\n\n\n<button class=\"gb-button gb-button-69f32ee3 gb-button-text gb-tabs__button is-style-default\">TWARDY<\/button>\n\n\n\n<button class=\"gb-button gb-button-8a2c64f8 gb-button-text gb-tabs__button is-style-default\">OSTRY<\/button>\n\n\n\n<button class=\"gb-button gb-button-e37e79e7 gb-button-text gb-tabs__button is-style-default\">TRWA\u0141O\u015a\u0106<\/button>\n\n<\/div>\n\n<div class=\"gb-container gb-container-3fc0410a gb-tabs__items\">\n<div class=\"gb-container gb-container-f29160d1 gb-tabs__item-open animated_tab gb-tabs__item\">\n<div class=\"gb-grid-wrapper gb-grid-wrapper-9e9574fd\">\n<div class=\"gb-grid-column gb-grid-column-1f1e4eb2\"><div class=\"gb-container gb-container-1f1e4eb2\">\n<div class=\"gb-container gb-container-b3bf96b5 marathon-frame\">\n<div class=\"gb-grid-wrapper gb-grid-wrapper-9204ba3b marathon-frame-inner\">\n<div class=\"gb-grid-column gb-grid-column-3f78730d\"><div class=\"gb-container gb-container-3f78730d marathon_laeufer\">\n\n<figure class=\"wp-block-image size-full is-resized\"><img loading=\"lazy\" decoding=\"async\" width=\"2981\" height=\"2495\" src=\"https:\/\/lutz-blades.com\/wp-content\/uploads\/AdobeStock_329272814_Person-Freigestellt-2.png\" alt=\"\" class=\"wp-image-61021\" style=\"width:960px\" srcset=\"https:\/\/lutz-blades.com\/wp-content\/uploads\/AdobeStock_329272814_Person-Freigestellt-2.png 2981w, https:\/\/lutz-blades.com\/wp-content\/uploads\/AdobeStock_329272814_Person-Freigestellt-2-300x251.png 300w, https:\/\/lutz-blades.com\/wp-content\/uploads\/AdobeStock_329272814_Person-Freigestellt-2-1024x857.png 1024w, https:\/\/lutz-blades.com\/wp-content\/uploads\/AdobeStock_329272814_Person-Freigestellt-2-768x643.png 768w, https:\/\/lutz-blades.com\/wp-content\/uploads\/AdobeStock_329272814_Person-Freigestellt-2-1536x1286.png 1536w, https:\/\/lutz-blades.com\/wp-content\/uploads\/AdobeStock_329272814_Person-Freigestellt-2-2048x1714.png 2048w, https:\/\/lutz-blades.com\/wp-content\/uploads\/AdobeStock_329272814_Person-Freigestellt-2-597x500.png 597w\" sizes=\"auto, (max-width: 2981px) 100vw, 2981px\" \/><\/figure>\n\n<\/div><\/div>\n\n<div class=\"gb-grid-column gb-grid-column-7ce2af34\"><div class=\"gb-container gb-container-7ce2af34\">\n\n<p><strong><strong>Pow\u0142oka MARATHON firmy LUTZ BLADES zmienia ostrza w prawdziwych biegaczy d\u0142ugodystansowych<\/strong><\/strong><\/p>\n\n<\/div><\/div>\n<\/div>\n<\/div>\n<\/div><\/div>\n\n<div class=\"gb-grid-column gb-grid-column-f5f74dad\"><div class=\"gb-container gb-container-f5f74dad marathon_header\">\n\n<h2 class=\"wp-block-heading headline-marathon has-global-color-5-color has-text-color has-link-color wp-elements-fd71f76cb60646ce61ca2265dae19749\">MARATHON<\/h2>\n\n\n\n<p>powlekany w LUTZ BLADES<\/p>\n\n<\/div><\/div>\n<\/div>\n<\/div>\n\n<div class=\"gb-container gb-container-7d82fb7c gb-tabs__item\">\n<div class=\"gb-grid-wrapper gb-grid-wrapper-18e51386\">\n<div class=\"gb-grid-column gb-grid-column-9fd8da7d\"><div class=\"gb-container gb-container-9fd8da7d\">\n<div class=\"gb-container gb-container-accf04d1 marathon-frame marathon-form\">\n<div class=\"gb-grid-wrapper gb-grid-wrapper-ec5cde64 marathon-frame-inner\">\n<div class=\"gb-grid-column gb-grid-column-f657cbfa\"><div class=\"gb-container gb-container-f657cbfa\">\n\n<p>W celu uzyskania dalszych informacji na temat naszej pow\u0142oki MARATHON lub pyta\u0144 dotycz\u0105cych naszych ostrzy, prosimy o kontakt z naszymi doradcami technicznymi ds. sprzeda\u017cy.<\/p>\n\n<\/div><\/div>\n\n<div class=\"gb-grid-column gb-grid-column-00a66078\"><div class=\"gb-container gb-container-00a66078\">\n<p class=\"wpcf7-contact-form-not-found\"><strong>B\u0142\u0105d:<\/strong> Brak formularza kontaktowego.<\/p>\n\n<\/div><\/div>\n<\/div>\n<\/div>\n\n<div class=\"gb-container gb-container-ce4863ca marathon-frame\">\n<div class=\"gb-grid-wrapper gb-grid-wrapper-9e4f42f8 marathon-frame-inner\">\n<div class=\"gb-grid-column gb-grid-column-9877a988\"><div class=\"gb-container gb-container-9877a988\">\n\n<p><strong>TWARDY<\/strong><\/p>\n\n\n\n<p>Jednym z obszar\u00f3w zastosowa\u0144 jest obr\u00f3bka ta\u015bm polipropylenowych. W tym przypadku do materia\u0142u dodawane s\u0105 dodatki, kt\u00f3re dzia\u0142aj\u0105 \u015bciernie na ostrza.<\/p>\n\n\n\n<p>W tym przypadku pow\u0142oka MARATHON zapewnia, \u017ce ostrza b\u0119d\u0105 odporne na zu\u017cycie tak d\u0142ugo, jak to mo\u017cliwe. Twarda pow\u0142oka o grubo\u015bci mikrometra zapewnia im wysok\u0105 odporno\u015b\u0107 na zu\u017cycie przy bardzo niskim wsp\u00f3\u0142czynniku tarcia (ok. 0,1 w stosunku do materia\u0142u referencyjnego stali).<\/p>\n\n<\/div><\/div>\n\n<div class=\"gb-grid-column gb-grid-column-3e135f5f\"><div class=\"gb-container gb-container-3e135f5f\">\n\n<div class=\"wp-block-buttons marathon_button is-layout-flex wp-block-buttons-is-layout-flex\">\n<div class=\"wp-block-button has-custom-width wp-block-button__width-100 marathoncontact\"><a class=\"wp-block-button__link has-global-color-5-color has-color-accent-background-color has-text-color has-background has-link-color wp-element-button\" style=\"border-radius:0px\">KONTAKT<\/a><\/div>\n\n\n\n<div class=\"wp-block-button has-custom-width wp-block-button__width-100 is-style-outline activatefirsttab is-style-outline--1\"><a class=\"wp-block-button__link has-global-color-5-color has-color-brand-background-color has-text-color has-background has-link-color wp-element-button\" style=\"border-radius:0px\">BACK<\/a><\/div>\n<\/div>\n\n<\/div><\/div>\n<\/div>\n<\/div>\n<\/div><\/div>\n\n<div class=\"gb-grid-column gb-grid-column-d9ae05a5\"><div class=\"gb-container gb-container-d9ae05a5 marathon_header\">\n<div class=\"gb-grid-wrapper gb-grid-wrapper-2d3cb62e\">\n<div class=\"gb-grid-column gb-grid-column-bbd015dd\"><div class=\"gb-container gb-container-bbd015dd\">\n\n<figure class=\"gb-block-image gb-block-image-bbf6b130\"><img loading=\"lazy\" decoding=\"async\" width=\"668\" height=\"413\" class=\"gb-image gb-image-bbf6b130\" src=\"https:\/\/lutz-blades.com\/wp-content\/uploads\/hart-klingen.png\" alt=\"\"  srcset=\"https:\/\/lutz-blades.com\/wp-content\/uploads\/hart-klingen.png 668w, https:\/\/lutz-blades.com\/wp-content\/uploads\/hart-klingen-300x185.png 300w\" sizes=\"auto, (max-width: 668px) 100vw, 668px\" \/><\/figure>\n\n<\/div><\/div>\n\n<div class=\"gb-grid-column gb-grid-column-2a68146c\"><div class=\"gb-container gb-container-2a68146c\">\n\n<h2 class=\"wp-block-heading headline-marathon has-global-color-5-color has-text-color has-link-color wp-elements-fd71f76cb60646ce61ca2265dae19749\">MARATHON<\/h2>\n\n\n\n<p>powlekane przez LUTZ BLADES<\/p>\n\n<\/div><\/div>\n<\/div>\n<\/div><\/div>\n<\/div>\n<\/div>\n\n<div class=\"gb-container gb-container-492bd317 gb-tabs__item\">\n<div class=\"gb-grid-wrapper gb-grid-wrapper-ffe64cbd\">\n<div class=\"gb-grid-column gb-grid-column-0bf96a9f\"><div class=\"gb-container gb-container-0bf96a9f\">\n<div class=\"gb-container gb-container-17812cf1 marathon-frame marathon-form\">\n<div class=\"gb-grid-wrapper gb-grid-wrapper-8de2a24e marathon-frame-inner\">\n<div class=\"gb-grid-column gb-grid-column-d94e0164\"><div class=\"gb-container gb-container-d94e0164\">\n\n<p>W celu uzyskania dalszych informacji na temat naszej pow\u0142oki MARATHON lub pyta\u0144 dotycz\u0105cych naszych ostrzy, prosimy o kontakt z naszymi doradcami technicznymi ds. sprzeda\u017cy.<\/p>\n\n<\/div><\/div>\n\n<div class=\"gb-grid-column gb-grid-column-e4608f97\"><div class=\"gb-container gb-container-e4608f97\">\n<p class=\"wpcf7-contact-form-not-found\"><strong>B\u0142\u0105d:<\/strong> Brak formularza kontaktowego.<\/p>\n\n<\/div><\/div>\n<\/div>\n<\/div>\n\n<div class=\"gb-container gb-container-c979d8a7 marathon-frame\">\n<div class=\"gb-grid-wrapper gb-grid-wrapper-063a1c6b marathon-frame-inner\">\n<div class=\"gb-grid-column gb-grid-column-432e42ea\"><div class=\"gb-container gb-container-432e42ea\">\n\n<p><strong><strong>OSTRY<\/strong><\/strong><\/p>\n\n\n\n<p>Dzi\u0119ki pow\u0142oce MARATHON kraw\u0119d\u017a tn\u0105ca ostrzy jest powlekana z najwy\u017csz\u0105 precyzj\u0105, co pozwala zachowa\u0107 ostro\u015b\u0107, a jednocze\u015bnie zoptymalizowa\u0107 twardo\u015b\u0107 i trwa\u0142o\u015b\u0107.<\/p>\n\n<\/div><\/div>\n\n<div class=\"gb-grid-column gb-grid-column-69041098\"><div class=\"gb-container gb-container-69041098\">\n\n<div class=\"wp-block-buttons marathon_button is-layout-flex wp-block-buttons-is-layout-flex\">\n<div class=\"wp-block-button has-custom-width wp-block-button__width-100 marathoncontact\"><a class=\"wp-block-button__link has-global-color-5-color has-color-accent-background-color has-text-color has-background has-link-color wp-element-button\" style=\"border-radius:0px\">KONTAKT<\/a><\/div>\n\n\n\n<div class=\"wp-block-button has-custom-width wp-block-button__width-100 is-style-outline activatefirsttab is-style-outline--2\"><a class=\"wp-block-button__link has-global-color-5-color has-color-brand-background-color has-text-color has-background has-link-color wp-element-button\" style=\"border-radius:0px\">BACK<\/a><\/div>\n<\/div>\n\n<\/div><\/div>\n<\/div>\n<\/div>\n<\/div><\/div>\n\n<div class=\"gb-grid-column gb-grid-column-4958e832\"><div class=\"gb-container gb-container-4958e832 marathon_header\">\n<div class=\"gb-grid-wrapper gb-grid-wrapper-87922c1a\">\n<div class=\"gb-grid-column gb-grid-column-b5543eca\"><div class=\"gb-container gb-container-b5543eca\">\n\n<figure class=\"gb-block-image gb-block-image-797b820f\"><img loading=\"lazy\" decoding=\"async\" width=\"608\" height=\"371\" class=\"gb-image gb-image-797b820f\" src=\"https:\/\/lutz-blades.com\/wp-content\/uploads\/scharf-klingen.png\" alt=\"\"  srcset=\"https:\/\/lutz-blades.com\/wp-content\/uploads\/scharf-klingen.png 608w, https:\/\/lutz-blades.com\/wp-content\/uploads\/scharf-klingen-300x183.png 300w\" sizes=\"auto, (max-width: 608px) 100vw, 608px\" \/><\/figure>\n\n<\/div><\/div>\n\n<div class=\"gb-grid-column gb-grid-column-39668649\"><div class=\"gb-container gb-container-39668649\">\n\n<h2 class=\"wp-block-heading headline-marathon has-global-color-5-color has-text-color has-link-color wp-elements-fd71f76cb60646ce61ca2265dae19749\">MARATHON<\/h2>\n\n\n\n<p>powlekane przez LUTZ BLADES<\/p>\n\n<\/div><\/div>\n<\/div>\n<\/div><\/div>\n<\/div>\n<\/div>\n\n<div class=\"gb-container gb-container-1ae80e2c gb-tabs__item\">\n<div class=\"gb-grid-wrapper gb-grid-wrapper-66e3e4cf\">\n<div class=\"gb-grid-column gb-grid-column-a5c28a64\"><div class=\"gb-container gb-container-a5c28a64\">\n<div class=\"gb-container gb-container-a765dd19 marathon-frame marathon-form\">\n<div class=\"gb-grid-wrapper gb-grid-wrapper-02b933f6 marathon-frame-inner\">\n<div class=\"gb-grid-column gb-grid-column-77a72461\"><div class=\"gb-container gb-container-77a72461\">\n\n<p>W celu uzyskania dalszych informacji na temat naszej pow\u0142oki MARATHON lub pyta\u0144 dotycz\u0105cych naszych ostrzy, prosimy o kontakt z naszymi doradcami technicznymi ds. sprzeda\u017cy.<\/p>\n\n<\/div><\/div>\n\n<div class=\"gb-grid-column gb-grid-column-25ab53c1\"><div class=\"gb-container gb-container-25ab53c1\">\n<p class=\"wpcf7-contact-form-not-found\"><strong>B\u0142\u0105d:<\/strong> Brak formularza kontaktowego.<\/p>\n\n<\/div><\/div>\n<\/div>\n<\/div>\n\n<div class=\"gb-container gb-container-cbbff2ca marathon-frame\">\n<div class=\"gb-grid-wrapper gb-grid-wrapper-f62cb0b1 marathon-frame-inner\">\n<div class=\"gb-grid-column gb-grid-column-0141cbcf\"><div class=\"gb-container gb-container-0141cbcf\">\n\n<p><strong><strong>TRWA\u0141O\u015a\u0106<\/strong><\/strong><\/p>\n\n\n\n<p>Pow\u0142oka MARATHON od LUTZ BLADES przekszta\u0142ca ostrza w prawdziwych d\u0142ugodystansowc\u00f3w. Dzi\u0119ki tej pow\u0142oce osi\u0105ga si\u0119 na przyk\u0142ad znacznie d\u0142u\u017csz\u0105 \u017cywotno\u015b\u0107 ni\u017c w przypadku zwyk\u0142ej standardowej pow\u0142oki TiN lub TiAIN. Nawet przy intensywnym u\u017cytkowaniu ostrza z pow\u0142ok\u0105 MARATHON zachowuj\u0105 wydajno\u015b\u0107 i precyzj\u0119 ci\u0119cia.<\/p>\n\n<\/div><\/div>\n\n<div class=\"gb-grid-column gb-grid-column-e3760ee1\"><div class=\"gb-container gb-container-e3760ee1\">\n\n<div class=\"wp-block-buttons marathon_button is-layout-flex wp-block-buttons-is-layout-flex\">\n<div class=\"wp-block-button has-custom-width wp-block-button__width-100 marathoncontact\"><a class=\"wp-block-button__link has-global-color-5-color has-color-accent-background-color has-text-color has-background has-link-color wp-element-button\" style=\"border-radius:0px\">KONTAKT<\/a><\/div>\n\n\n\n<div class=\"wp-block-button has-custom-width wp-block-button__width-100 is-style-outline activatefirsttab is-style-outline--3\"><a class=\"wp-block-button__link has-global-color-5-color has-color-brand-background-color has-text-color has-background has-link-color wp-element-button\" style=\"border-radius:0px\">BACK<\/a><\/div>\n<\/div>\n\n<\/div><\/div>\n<\/div>\n<\/div>\n<\/div><\/div>\n\n<div class=\"gb-grid-column gb-grid-column-7d180379\"><div class=\"gb-container gb-container-7d180379 marathon_header\">\n<div class=\"gb-grid-wrapper gb-grid-wrapper-16b12705\">\n<div class=\"gb-grid-column gb-grid-column-027e8f9f\"><div class=\"gb-container gb-container-027e8f9f\">\n\n<figure class=\"gb-block-image gb-block-image-f7e4b7e4\"><img loading=\"lazy\" decoding=\"async\" width=\"668\" height=\"327\" class=\"gb-image gb-image-f7e4b7e4\" src=\"https:\/\/lutz-blades.com\/wp-content\/uploads\/langlebig-klingen.png\" alt=\"\"  srcset=\"https:\/\/lutz-blades.com\/wp-content\/uploads\/langlebig-klingen.png 668w, https:\/\/lutz-blades.com\/wp-content\/uploads\/langlebig-klingen-300x147.png 300w\" sizes=\"auto, (max-width: 668px) 100vw, 668px\" \/><\/figure>\n\n<\/div><\/div>\n\n<div class=\"gb-grid-column gb-grid-column-0c860b58\"><div class=\"gb-container gb-container-0c860b58\">\n\n<h2 class=\"wp-block-heading headline-marathon has-global-color-5-color has-text-color has-link-color wp-elements-fd71f76cb60646ce61ca2265dae19749\">MARATHON<\/h2>\n\n\n\n<p>powlekane przez LUTZ BLADES<\/p>\n\n<\/div><\/div>\n<\/div>\n<\/div><\/div>\n<\/div>\n<\/div>\n<\/div>\n<\/div>\n<\/div>\n\n<div class=\"gb-container gb-container-d8c98314 marathon-video\">\n\n<figure class=\"wp-block-video\"><video height=\"1080\" style=\"aspect-ratio: 1920 \/ 1080;\" width=\"1920\" autoplay controls loop muted src=\"https:\/\/lutz-blades.com\/wp-content\/uploads\/marathon-background-video.mp4\" playsinline><\/video><\/figure>\n\n<\/div>\n<\/section>","protected":false},"excerpt":{"rendered":"","protected":false},"author":1,"featured_media":0,"parent":0,"menu_order":35,"comment_status":"closed","ping_status":"closed","template":"","meta":{"_acf_changed":false,"footnotes":""},"class_list":{"0":"post-64326","1":"page","2":"type-page","3":"status-publish","5":"no-featured-image-padding"},"acf":[],"yoast_head":"<!-- This site is optimized with the Yoast SEO plugin v27.2 - https:\/\/yoast.com\/product\/yoast-seo-wordpress\/ -->\n<title>LUTZ BLADES - Ostro\u015b\u0107, jako\u015b\u0107 i precyzja naszych ostrzy<\/title>\n<meta name=\"description\" content=\"Zwi\u0119ksz swoj\u0105 produktywno\u015b\u0107 dzi\u0119ki LUTZ BLADES \u2705 Dowiedz si\u0119 wi\u0119cej o naszych procesach szlifowania, materia\u0142ach i niestandardowych rozwi\u0105zaniach w zakresie ostrzy.\" \/>\n<meta name=\"robots\" content=\"index, follow, max-snippet:-1, max-image-preview:large, max-video-preview:-1\" \/>\n<link rel=\"canonical\" href=\"https:\/\/lutz-blades.com\/pl\/maraton\/\" \/>\n<meta property=\"og:locale\" content=\"pl_PL\" \/>\n<meta property=\"og:type\" content=\"article\" \/>\n<meta property=\"og:title\" content=\"LUTZ BLADES - Ostro\u015b\u0107, jako\u015b\u0107 i precyzja naszych ostrzy\" \/>\n<meta property=\"og:description\" content=\"Zwi\u0119ksz swoj\u0105 produktywno\u015b\u0107 dzi\u0119ki LUTZ BLADES \u2705 Dowiedz si\u0119 wi\u0119cej o naszych procesach szlifowania, materia\u0142ach i niestandardowych rozwi\u0105zaniach w zakresie ostrzy.\" \/>\n<meta property=\"og:url\" content=\"https:\/\/lutz-blades.com\/pl\/maraton\/\" \/>\n<meta property=\"og:site_name\" content=\"LUTZ BLADES exactly\" \/>\n<meta property=\"article:modified_time\" content=\"2024-12-18T10:11:23+00:00\" \/>\n<meta property=\"og:image\" content=\"https:\/\/lutz-blades.com\/wp-content\/uploads\/AdobeStock_329272814_Person-Freigestellt-2-1024x857.png\" \/>\n\t<meta property=\"og:image:width\" content=\"1024\" \/>\n\t<meta property=\"og:image:height\" content=\"857\" \/>\n\t<meta property=\"og:image:type\" content=\"image\/png\" \/>\n<meta name=\"twitter:card\" content=\"summary_large_image\" \/>\n<meta name=\"twitter:label1\" content=\"Szacowany czas czytania\" \/>\n\t<meta name=\"twitter:data1\" content=\"3 minuty\" \/>\n<script type=\"application\/ld+json\" class=\"yoast-schema-graph\">{\"@context\":\"https:\/\/schema.org\",\"@graph\":[{\"@type\":\"WebPage\",\"@id\":\"https:\/\/lutz-blades.com\/pl\/maraton\/\",\"url\":\"https:\/\/lutz-blades.com\/pl\/maraton\/\",\"name\":\"LUTZ BLADES - Ostro\u015b\u0107, jako\u015b\u0107 i precyzja naszych ostrzy\",\"isPartOf\":{\"@id\":\"https:\/\/lutz-blades.com\/pl\/#website\"},\"primaryImageOfPage\":{\"@id\":\"https:\/\/lutz-blades.com\/pl\/maraton\/#primaryimage\"},\"image\":{\"@id\":\"https:\/\/lutz-blades.com\/pl\/maraton\/#primaryimage\"},\"thumbnailUrl\":\"https:\/\/lutz-blades.com\/wp-content\/uploads\/AdobeStock_329272814_Person-Freigestellt-2.png\",\"datePublished\":\"2024-06-19T12:49:15+00:00\",\"dateModified\":\"2024-12-18T10:11:23+00:00\",\"description\":\"Zwi\u0119ksz swoj\u0105 produktywno\u015b\u0107 dzi\u0119ki LUTZ BLADES \u2705 Dowiedz si\u0119 wi\u0119cej o naszych procesach szlifowania, materia\u0142ach i niestandardowych rozwi\u0105zaniach w zakresie ostrzy.\",\"breadcrumb\":{\"@id\":\"https:\/\/lutz-blades.com\/pl\/maraton\/#breadcrumb\"},\"inLanguage\":\"pl-PL\",\"potentialAction\":[{\"@type\":\"ReadAction\",\"target\":[\"https:\/\/lutz-blades.com\/pl\/maraton\/\"]}]},{\"@type\":\"ImageObject\",\"inLanguage\":\"pl-PL\",\"@id\":\"https:\/\/lutz-blades.com\/pl\/maraton\/#primaryimage\",\"url\":\"https:\/\/lutz-blades.com\/wp-content\/uploads\/AdobeStock_329272814_Person-Freigestellt-2.png\",\"contentUrl\":\"https:\/\/lutz-blades.com\/wp-content\/uploads\/AdobeStock_329272814_Person-Freigestellt-2.png\"},{\"@type\":\"BreadcrumbList\",\"@id\":\"https:\/\/lutz-blades.com\/pl\/maraton\/#breadcrumb\",\"itemListElement\":[{\"@type\":\"ListItem\",\"position\":1,\"name\":\"Startseite\",\"item\":\"https:\/\/lutz-blades.com\/pl\/\"},{\"@type\":\"ListItem\",\"position\":2,\"name\":\"MARATHON\"}]},{\"@type\":\"WebSite\",\"@id\":\"https:\/\/lutz-blades.com\/pl\/#website\",\"url\":\"https:\/\/lutz-blades.com\/pl\/\",\"name\":\"LUTZ BLADES exactly\",\"description\":\"\",\"publisher\":{\"@id\":\"https:\/\/lutz-blades.com\/pl\/#organization\"},\"potentialAction\":[{\"@type\":\"SearchAction\",\"target\":{\"@type\":\"EntryPoint\",\"urlTemplate\":\"https:\/\/lutz-blades.com\/pl\/?s={search_term_string}\"},\"query-input\":{\"@type\":\"PropertyValueSpecification\",\"valueRequired\":true,\"valueName\":\"search_term_string\"}}],\"inLanguage\":\"pl-PL\"},{\"@type\":\"Organization\",\"@id\":\"https:\/\/lutz-blades.com\/pl\/#organization\",\"name\":\"LUTZ BLADES exactly\",\"url\":\"https:\/\/lutz-blades.com\/pl\/\",\"logo\":{\"@type\":\"ImageObject\",\"inLanguage\":\"pl-PL\",\"@id\":\"https:\/\/lutz-blades.com\/pl\/#\/schema\/logo\/image\/\",\"url\":\"https:\/\/lutz-blades.com\/wp-content\/uploads\/lutz-blades-logo.svg\",\"contentUrl\":\"https:\/\/lutz-blades.com\/wp-content\/uploads\/lutz-blades-logo.svg\",\"width\":240,\"height\":66,\"caption\":\"LUTZ BLADES exactly\"},\"image\":{\"@id\":\"https:\/\/lutz-blades.com\/pl\/#\/schema\/logo\/image\/\"}}]}<\/script>\n<!-- \/ Yoast SEO plugin. -->","yoast_head_json":{"title":"LUTZ BLADES - Ostro\u015b\u0107, jako\u015b\u0107 i precyzja naszych ostrzy","description":"Zwi\u0119ksz swoj\u0105 produktywno\u015b\u0107 dzi\u0119ki LUTZ BLADES \u2705 Dowiedz si\u0119 wi\u0119cej o naszych procesach szlifowania, materia\u0142ach i niestandardowych rozwi\u0105zaniach w zakresie ostrzy.","robots":{"index":"index","follow":"follow","max-snippet":"max-snippet:-1","max-image-preview":"max-image-preview:large","max-video-preview":"max-video-preview:-1"},"canonical":"https:\/\/lutz-blades.com\/pl\/maraton\/","og_locale":"pl_PL","og_type":"article","og_title":"LUTZ BLADES - Ostro\u015b\u0107, jako\u015b\u0107 i precyzja naszych ostrzy","og_description":"Zwi\u0119ksz swoj\u0105 produktywno\u015b\u0107 dzi\u0119ki LUTZ BLADES \u2705 Dowiedz si\u0119 wi\u0119cej o naszych procesach szlifowania, materia\u0142ach i niestandardowych rozwi\u0105zaniach w zakresie ostrzy.","og_url":"https:\/\/lutz-blades.com\/pl\/maraton\/","og_site_name":"LUTZ BLADES exactly","article_modified_time":"2024-12-18T10:11:23+00:00","og_image":[{"width":1024,"height":857,"url":"https:\/\/lutz-blades.com\/wp-content\/uploads\/AdobeStock_329272814_Person-Freigestellt-2-1024x857.png","type":"image\/png"}],"twitter_card":"summary_large_image","twitter_misc":{"Szacowany czas czytania":"3 minuty"},"schema":{"@context":"https:\/\/schema.org","@graph":[{"@type":"WebPage","@id":"https:\/\/lutz-blades.com\/pl\/maraton\/","url":"https:\/\/lutz-blades.com\/pl\/maraton\/","name":"LUTZ BLADES - Ostro\u015b\u0107, jako\u015b\u0107 i precyzja naszych ostrzy","isPartOf":{"@id":"https:\/\/lutz-blades.com\/pl\/#website"},"primaryImageOfPage":{"@id":"https:\/\/lutz-blades.com\/pl\/maraton\/#primaryimage"},"image":{"@id":"https:\/\/lutz-blades.com\/pl\/maraton\/#primaryimage"},"thumbnailUrl":"https:\/\/lutz-blades.com\/wp-content\/uploads\/AdobeStock_329272814_Person-Freigestellt-2.png","datePublished":"2024-06-19T12:49:15+00:00","dateModified":"2024-12-18T10:11:23+00:00","description":"Zwi\u0119ksz swoj\u0105 produktywno\u015b\u0107 dzi\u0119ki LUTZ BLADES \u2705 Dowiedz si\u0119 wi\u0119cej o naszych procesach szlifowania, materia\u0142ach i niestandardowych rozwi\u0105zaniach w zakresie ostrzy.","breadcrumb":{"@id":"https:\/\/lutz-blades.com\/pl\/maraton\/#breadcrumb"},"inLanguage":"pl-PL","potentialAction":[{"@type":"ReadAction","target":["https:\/\/lutz-blades.com\/pl\/maraton\/"]}]},{"@type":"ImageObject","inLanguage":"pl-PL","@id":"https:\/\/lutz-blades.com\/pl\/maraton\/#primaryimage","url":"https:\/\/lutz-blades.com\/wp-content\/uploads\/AdobeStock_329272814_Person-Freigestellt-2.png","contentUrl":"https:\/\/lutz-blades.com\/wp-content\/uploads\/AdobeStock_329272814_Person-Freigestellt-2.png"},{"@type":"BreadcrumbList","@id":"https:\/\/lutz-blades.com\/pl\/maraton\/#breadcrumb","itemListElement":[{"@type":"ListItem","position":1,"name":"Startseite","item":"https:\/\/lutz-blades.com\/pl\/"},{"@type":"ListItem","position":2,"name":"MARATHON"}]},{"@type":"WebSite","@id":"https:\/\/lutz-blades.com\/pl\/#website","url":"https:\/\/lutz-blades.com\/pl\/","name":"LUTZ BLADES exactly","description":"","publisher":{"@id":"https:\/\/lutz-blades.com\/pl\/#organization"},"potentialAction":[{"@type":"SearchAction","target":{"@type":"EntryPoint","urlTemplate":"https:\/\/lutz-blades.com\/pl\/?s={search_term_string}"},"query-input":{"@type":"PropertyValueSpecification","valueRequired":true,"valueName":"search_term_string"}}],"inLanguage":"pl-PL"},{"@type":"Organization","@id":"https:\/\/lutz-blades.com\/pl\/#organization","name":"LUTZ BLADES exactly","url":"https:\/\/lutz-blades.com\/pl\/","logo":{"@type":"ImageObject","inLanguage":"pl-PL","@id":"https:\/\/lutz-blades.com\/pl\/#\/schema\/logo\/image\/","url":"https:\/\/lutz-blades.com\/wp-content\/uploads\/lutz-blades-logo.svg","contentUrl":"https:\/\/lutz-blades.com\/wp-content\/uploads\/lutz-blades-logo.svg","width":240,"height":66,"caption":"LUTZ BLADES exactly"},"image":{"@id":"https:\/\/lutz-blades.com\/pl\/#\/schema\/logo\/image\/"}}]}},"_links":{"self":[{"href":"https:\/\/lutz-blades.com\/pl\/wp-json\/wp\/v2\/pages\/64326","targetHints":{"allow":["GET"]}}],"collection":[{"href":"https:\/\/lutz-blades.com\/pl\/wp-json\/wp\/v2\/pages"}],"about":[{"href":"https:\/\/lutz-blades.com\/pl\/wp-json\/wp\/v2\/types\/page"}],"author":[{"embeddable":true,"href":"https:\/\/lutz-blades.com\/pl\/wp-json\/wp\/v2\/users\/1"}],"replies":[{"embeddable":true,"href":"https:\/\/lutz-blades.com\/pl\/wp-json\/wp\/v2\/comments?post=64326"}],"version-history":[{"count":12,"href":"https:\/\/lutz-blades.com\/pl\/wp-json\/wp\/v2\/pages\/64326\/revisions"}],"predecessor-version":[{"id":79034,"href":"https:\/\/lutz-blades.com\/pl\/wp-json\/wp\/v2\/pages\/64326\/revisions\/79034"}],"wp:attachment":[{"href":"https:\/\/lutz-blades.com\/pl\/wp-json\/wp\/v2\/media?parent=64326"}],"curies":[{"name":"wp","href":"https:\/\/api.w.org\/{rel}","templated":true}]}}