{"id":7790,"date":"2023-04-28T09:24:26","date_gmt":"2023-04-28T07:24:26","guid":{"rendered":"https:\/\/wp.lutz-blades.com\/impronta\/"},"modified":"2025-08-26T13:39:01","modified_gmt":"2025-08-26T11:39:01","slug":"impronta","status":"publish","type":"page","link":"https:\/\/lutz-blades.com\/it\/impronta\/","title":{"rendered":"Impronta"},"content":{"rendered":"\n\t\t\t       \n            \n            <div class=\"hero hero-d26e39d0 sub\" data-slides=\"1\" data-start=\"0\">\n\t\t\t\t\n\t\t\t\t\t\t\t\t\n\t\t\t\t<div class=\"acf-innerblocks-container\">\n\r\n\t\t\t       \r\n                    \r\n            <div class=\"hero-slide hero-slide-f7407553 is-style-image\">\r\n\t\t\t\t<div class=\"hero-canvas\" data-aos=\"fade-right\">\r\n\t\t\t\t\t<h1 class=\"hero-headline\">Impronta<\/h1>\t\t\t\t\t<span class=\"hero-subheadline subheadline\">LAME LUTZ esattamente<\/span>\t\t\t\t\t\t\t\t\t<\/div>\r\n\t\t\t\t<div class=\"hero-media hero-media-image\" data-aos=\"fade-left\"><img loading=\"lazy\" decoding=\"async\" width=\"1860\" height=\"720\" src=\"https:\/\/lutz-blades.com\/wp-content\/uploads\/lutz-blades-standort-solingen.jpg\" class=\"attachment-full size-full\" alt=\"\" srcset=\"https:\/\/lutz-blades.com\/wp-content\/uploads\/lutz-blades-standort-solingen.jpg 1860w, https:\/\/lutz-blades.com\/wp-content\/uploads\/lutz-blades-standort-solingen-300x116.jpg 300w, https:\/\/lutz-blades.com\/wp-content\/uploads\/lutz-blades-standort-solingen-1024x396.jpg 1024w, https:\/\/lutz-blades.com\/wp-content\/uploads\/lutz-blades-standort-solingen-768x297.jpg 768w, https:\/\/lutz-blades.com\/wp-content\/uploads\/lutz-blades-standort-solingen-1536x595.jpg 1536w, https:\/\/lutz-blades.com\/wp-content\/uploads\/lutz-blades-standort-solingen-800x310.jpg 800w, https:\/\/lutz-blades.com\/wp-content\/uploads\/lutz-blades-standort-solingen-25x10.jpg 25w, https:\/\/lutz-blades.com\/wp-content\/uploads\/lutz-blades-standort-solingen-40x15.jpg 40w, https:\/\/lutz-blades.com\/wp-content\/uploads\/lutz-blades-standort-solingen-50x19.jpg 50w\" sizes=\"auto, (max-width: 1860px) 100vw, 1860px\" \/><\/div>            <\/div>\r\n\t\t\t\t\r\n            \t\t\t\r\n\t\t\t\r\n\r\n\r\n            \n<\/div>\n\t\t\t\t\t\t\t\t\t\t\t\t\n\t\t\t\t\t\t\t<\/div>\n\t\t\t\t\n\t\t\t\n\t\t\t        \n            \n\n<section class=\"gb-container gb-container-f420d16f gb-container-white\">\n<div class=\"gb-container gb-container-1bb3f6f5\">\n\n<div class=\"wp-block-pixel-headline headlines is-subheadline-bottom has-text-align-left\"><h2 class=\"headline\" style=\"color:\">Impronta<\/h2><\/div>\n\n\n<div class=\"gb-grid-wrapper gb-grid-wrapper-20769924\">\n<div class=\"gb-grid-column gb-grid-column-ff356af9\"><div class=\"gb-container gb-container-ff356af9\" data-aos=\"fade-right\">\n\n<p>LUTZ GmbH &amp; Co. KG<br>Piepersberg 20<br>42653 Solingen<br>Germania<\/p>\n\n\n\n<p><strong>Contatto:<\/strong><br>Tel: <a href=\"tel:+4921259660\" target=\"_blank\" rel=\"nofollow\">+49 212 5966-0<\/a><br>E-mail:  <a href=\"mailto:info@lutz-blades.com\"><\/a><a href=\"javascript:linkTo_UnCryptMailto(%27ocknvq%2CkphqBnwvb%5C%2Fdncfgu0eqo%27);\" target=\"_blank\" rel=\"nofollow\">info@lutz-blades.com<\/a><\/p>\n\n\n\n<p><strong>Numero di identificazione dell&#8217;imposta sulle vendite:<\/strong><br>Partita IVA: DE 120874491<\/p>\n\n\n\n<p><strong>Registro commerciale:<\/strong><br>Tribunale di Wuppertal, registro commerciale A 19444<\/p>\n\n\n\n<p><strong>Partner generale:<\/strong><br>Lutz-Verwaltungs GmbH<br>Tribunale di Wuppertal, registro commerciale B 16707<\/p>\n\n\n\n<p><strong>Amministratore delegato:<br><\/strong>Dipl.-Ing. (FH) Alexander Lutz<br>Dipl.-Wirt.-Ing. (FH) Martin Wurth<br>Dipl.-\u00d6k. Christian Kn\u00f6ppel<\/p>\n\n\n\n<p><strong>Protezione degli informatori:<\/strong><br><a href=\"mailto:Hinweisgeberschutz-LUTZ@web.de\" target=\"_blank\" rel=\"nofollow\">Hinweisgeberschutz-LUTZ@web.de<\/a><\/p>\n\n\n\n<div class=\"wp-block-pixel-headline headlines is-subheadline-bottom has-text-align-left\"><h3 class=\"headline\" style=\"color:\">Risoluzione delle controversie<\/h3><\/div>\n\n\n\n<p>Non siamo disposti o obbligati a partecipare a procedure di risoluzione delle controversie davanti a un collegio arbitrale dei consumatori.<\/p>\n\n<\/div><\/div>\n\n<div class=\"gb-grid-column gb-grid-column-3bae260f\"><div class=\"gb-container gb-container-3bae260f\" data-aos=\"fade-left\">\n\n<div class=\"wp-block-pixel-headline headlines is-subheadline-bottom has-text-align-left\"><h3 class=\"headline\" style=\"color:\">Responsabilit\u00e0 per i contenuti<\/h3><\/div>\n\n\n\n<p>In qualit\u00e0 di fornitore di servizi, siamo obbligati, ai sensi del \u00a7 7 par. 1 DDG, la legge tedesca sui servizi digitali (DDG) \u00e8 responsabile dei propri contenuti su queste pagine in conformit\u00e0 alle leggi generali. Ai sensi dei \u00a7\u00a7 8-10 DDG, tuttavia, non siamo obbligati, in qualit\u00e0 di fornitore di servizi, a monitorare le informazioni trasmesse o memorizzate da terzi o a indagare su circostanze che indicano un&#8217;attivit\u00e0 illegale.<\/p>\n\n\n\n<p>L&#8217;obbligo di rimuovere o bloccare l&#8217;uso delle informazioni in conformit\u00e0 alle leggi generali rimane inalterato. Tuttavia, la responsabilit\u00e0 in questo senso \u00e8 possibile solo a partire dal momento in cui si viene a conoscenza di una violazione concreta. Se veniamo a conoscenza di tali violazioni, rimuoveremo immediatamente i contenuti.<\/p>\n\n\n\n<div class=\"wp-block-pixel-headline headlines is-subheadline-bottom has-text-align-left\"><h3 class=\"headline\" style=\"color:\">Responsabilit\u00e0 per i link<\/h3><\/div>\n\n\n\n<p>La nostra offerta contiene link a siti web esterni di terzi, sui cui contenuti non abbiamo alcuna influenza. Pertanto, non possiamo assumerci alcuna responsabilit\u00e0 per questi contenuti esterni. Il rispettivo fornitore o gestore delle pagine \u00e8 sempre responsabile del contenuto delle pagine collegate. Le pagine collegate sono state controllate per verificare eventuali violazioni legali al momento del collegamento. I contenuti illegali non erano riconoscibili al momento del collegamento.<\/p>\n\n\n\n<p>Tuttavia, un controllo permanente dei contenuti delle pagine collegate non \u00e8 ragionevole senza indicazioni concrete di una violazione della legge. Se veniamo a conoscenza di violazioni della legge, rimuoveremo immediatamente tali link.<\/p>\n\n\n\n<div class=\"wp-block-pixel-headline headlines is-subheadline-bottom has-text-align-left\"><h3 class=\"headline\" style=\"color:\">Copyright<\/h3><\/div>\n\n\n\n<p>I contenuti e le opere create dagli operatori del sito su queste pagine sono soggetti alla legge tedesca sul diritto d&#8217;autore. La riproduzione, la modifica, la distribuzione e qualsiasi tipo di utilizzo al di fuori dei limiti della legge sul copyright richiedono il consenso scritto del rispettivo autore o creatore. Sono consentiti download e copie di questa pagina solo per uso privato e non commerciale.<\/p>\n\n\n\n<p>Nella misura in cui i contenuti di questa pagina non sono stati creati dal gestore, si rispettano i diritti d&#8217;autore di terzi. In particolare, i contenuti di terzi sono identificati come tali. Se tuttavia doveste venire a conoscenza di una violazione del copyright, vi preghiamo di informarci di conseguenza. Se veniamo a conoscenza di eventuali violazioni, rimuoveremo immediatamente tali contenuti.<\/p>\n\n<\/div><\/div>\n<\/div>\n<\/div>\n<\/section>","protected":false},"excerpt":{"rendered":"","protected":false},"author":1,"featured_media":0,"parent":0,"menu_order":27,"comment_status":"closed","ping_status":"closed","template":"","meta":{"_acf_changed":false,"footnotes":""},"class_list":{"0":"post-7790","1":"page","2":"type-page","3":"status-publish","5":"no-featured-image-padding"},"acf":[],"yoast_head":"<!-- This site is optimized with the Yoast SEO plugin v27.2 - https:\/\/yoast.com\/product\/yoast-seo-wordpress\/ -->\n<title>Impronta - LUTZ BLADES<\/title>\n<meta name=\"description\" content=\"Per saperne di pi\u00f9 sull&#039;impronta di LUTZ BLADES \u27a1 Qui troverete i dettagli di contatto e le informazioni legali dell&#039;azienda.\" \/>\n<meta name=\"robots\" content=\"index, follow, max-snippet:-1, max-image-preview:large, max-video-preview:-1\" \/>\n<link rel=\"canonical\" href=\"https:\/\/lutz-blades.com\/it\/impronta\/\" \/>\n<meta property=\"og:locale\" content=\"it_IT\" \/>\n<meta property=\"og:type\" content=\"article\" \/>\n<meta property=\"og:title\" content=\"Impronta - LUTZ BLADES\" \/>\n<meta property=\"og:description\" content=\"Per saperne di pi\u00f9 sull&#039;impronta di LUTZ BLADES \u27a1 Qui troverete i dettagli di contatto e le informazioni legali dell&#039;azienda.\" \/>\n<meta property=\"og:url\" content=\"https:\/\/lutz-blades.com\/it\/impronta\/\" \/>\n<meta property=\"og:site_name\" content=\"LUTZ BLADES exactly\" \/>\n<meta property=\"article:modified_time\" content=\"2025-08-26T11:39:01+00:00\" \/>\n<meta name=\"twitter:card\" content=\"summary_large_image\" \/>\n<meta name=\"twitter:label1\" content=\"Tempo di lettura stimato\" \/>\n\t<meta name=\"twitter:data1\" content=\"3 minuti\" \/>\n<script type=\"application\/ld+json\" class=\"yoast-schema-graph\">{\"@context\":\"https:\/\/schema.org\",\"@graph\":[{\"@type\":\"WebPage\",\"@id\":\"https:\/\/lutz-blades.com\/it\/impronta\/\",\"url\":\"https:\/\/lutz-blades.com\/it\/impronta\/\",\"name\":\"Impronta - LUTZ BLADES\",\"isPartOf\":{\"@id\":\"https:\/\/lutz-blades.com\/it\/#website\"},\"datePublished\":\"2023-04-28T07:24:26+00:00\",\"dateModified\":\"2025-08-26T11:39:01+00:00\",\"description\":\"Per saperne di pi\u00f9 sull'impronta di LUTZ BLADES \u27a1 Qui troverete i dettagli di contatto e le informazioni legali dell'azienda.\",\"breadcrumb\":{\"@id\":\"https:\/\/lutz-blades.com\/it\/impronta\/#breadcrumb\"},\"inLanguage\":\"it-IT\",\"potentialAction\":[{\"@type\":\"ReadAction\",\"target\":[\"https:\/\/lutz-blades.com\/it\/impronta\/\"]}]},{\"@type\":\"BreadcrumbList\",\"@id\":\"https:\/\/lutz-blades.com\/it\/impronta\/#breadcrumb\",\"itemListElement\":[{\"@type\":\"ListItem\",\"position\":1,\"name\":\"Startseite\",\"item\":\"https:\/\/lutz-blades.com\/it\/\"},{\"@type\":\"ListItem\",\"position\":2,\"name\":\"Impronta\"}]},{\"@type\":\"WebSite\",\"@id\":\"https:\/\/lutz-blades.com\/it\/#website\",\"url\":\"https:\/\/lutz-blades.com\/it\/\",\"name\":\"LUTZ BLADES exactly\",\"description\":\"\",\"publisher\":{\"@id\":\"https:\/\/lutz-blades.com\/it\/#organization\"},\"potentialAction\":[{\"@type\":\"SearchAction\",\"target\":{\"@type\":\"EntryPoint\",\"urlTemplate\":\"https:\/\/lutz-blades.com\/it\/?s={search_term_string}\"},\"query-input\":{\"@type\":\"PropertyValueSpecification\",\"valueRequired\":true,\"valueName\":\"search_term_string\"}}],\"inLanguage\":\"it-IT\"},{\"@type\":\"Organization\",\"@id\":\"https:\/\/lutz-blades.com\/it\/#organization\",\"name\":\"LUTZ BLADES exactly\",\"url\":\"https:\/\/lutz-blades.com\/it\/\",\"logo\":{\"@type\":\"ImageObject\",\"inLanguage\":\"it-IT\",\"@id\":\"https:\/\/lutz-blades.com\/it\/#\/schema\/logo\/image\/\",\"url\":\"https:\/\/lutz-blades.com\/wp-content\/uploads\/lutz-blades-logo.svg\",\"contentUrl\":\"https:\/\/lutz-blades.com\/wp-content\/uploads\/lutz-blades-logo.svg\",\"width\":240,\"height\":66,\"caption\":\"LUTZ BLADES exactly\"},\"image\":{\"@id\":\"https:\/\/lutz-blades.com\/it\/#\/schema\/logo\/image\/\"}}]}<\/script>\n<!-- \/ Yoast SEO plugin. -->","yoast_head_json":{"title":"Impronta - LUTZ BLADES","description":"Per saperne di pi\u00f9 sull'impronta di LUTZ BLADES \u27a1 Qui troverete i dettagli di contatto e le informazioni legali dell'azienda.","robots":{"index":"index","follow":"follow","max-snippet":"max-snippet:-1","max-image-preview":"max-image-preview:large","max-video-preview":"max-video-preview:-1"},"canonical":"https:\/\/lutz-blades.com\/it\/impronta\/","og_locale":"it_IT","og_type":"article","og_title":"Impronta - LUTZ BLADES","og_description":"Per saperne di pi\u00f9 sull'impronta di LUTZ BLADES \u27a1 Qui troverete i dettagli di contatto e le informazioni legali dell'azienda.","og_url":"https:\/\/lutz-blades.com\/it\/impronta\/","og_site_name":"LUTZ BLADES exactly","article_modified_time":"2025-08-26T11:39:01+00:00","twitter_card":"summary_large_image","twitter_misc":{"Tempo di lettura stimato":"3 minuti"},"schema":{"@context":"https:\/\/schema.org","@graph":[{"@type":"WebPage","@id":"https:\/\/lutz-blades.com\/it\/impronta\/","url":"https:\/\/lutz-blades.com\/it\/impronta\/","name":"Impronta - LUTZ BLADES","isPartOf":{"@id":"https:\/\/lutz-blades.com\/it\/#website"},"datePublished":"2023-04-28T07:24:26+00:00","dateModified":"2025-08-26T11:39:01+00:00","description":"Per saperne di pi\u00f9 sull'impronta di LUTZ BLADES \u27a1 Qui troverete i dettagli di contatto e le informazioni legali dell'azienda.","breadcrumb":{"@id":"https:\/\/lutz-blades.com\/it\/impronta\/#breadcrumb"},"inLanguage":"it-IT","potentialAction":[{"@type":"ReadAction","target":["https:\/\/lutz-blades.com\/it\/impronta\/"]}]},{"@type":"BreadcrumbList","@id":"https:\/\/lutz-blades.com\/it\/impronta\/#breadcrumb","itemListElement":[{"@type":"ListItem","position":1,"name":"Startseite","item":"https:\/\/lutz-blades.com\/it\/"},{"@type":"ListItem","position":2,"name":"Impronta"}]},{"@type":"WebSite","@id":"https:\/\/lutz-blades.com\/it\/#website","url":"https:\/\/lutz-blades.com\/it\/","name":"LUTZ BLADES exactly","description":"","publisher":{"@id":"https:\/\/lutz-blades.com\/it\/#organization"},"potentialAction":[{"@type":"SearchAction","target":{"@type":"EntryPoint","urlTemplate":"https:\/\/lutz-blades.com\/it\/?s={search_term_string}"},"query-input":{"@type":"PropertyValueSpecification","valueRequired":true,"valueName":"search_term_string"}}],"inLanguage":"it-IT"},{"@type":"Organization","@id":"https:\/\/lutz-blades.com\/it\/#organization","name":"LUTZ BLADES exactly","url":"https:\/\/lutz-blades.com\/it\/","logo":{"@type":"ImageObject","inLanguage":"it-IT","@id":"https:\/\/lutz-blades.com\/it\/#\/schema\/logo\/image\/","url":"https:\/\/lutz-blades.com\/wp-content\/uploads\/lutz-blades-logo.svg","contentUrl":"https:\/\/lutz-blades.com\/wp-content\/uploads\/lutz-blades-logo.svg","width":240,"height":66,"caption":"LUTZ BLADES exactly"},"image":{"@id":"https:\/\/lutz-blades.com\/it\/#\/schema\/logo\/image\/"}}]}},"_links":{"self":[{"href":"https:\/\/lutz-blades.com\/it\/wp-json\/wp\/v2\/pages\/7790","targetHints":{"allow":["GET"]}}],"collection":[{"href":"https:\/\/lutz-blades.com\/it\/wp-json\/wp\/v2\/pages"}],"about":[{"href":"https:\/\/lutz-blades.com\/it\/wp-json\/wp\/v2\/types\/page"}],"author":[{"embeddable":true,"href":"https:\/\/lutz-blades.com\/it\/wp-json\/wp\/v2\/users\/1"}],"replies":[{"embeddable":true,"href":"https:\/\/lutz-blades.com\/it\/wp-json\/wp\/v2\/comments?post=7790"}],"version-history":[{"count":12,"href":"https:\/\/lutz-blades.com\/it\/wp-json\/wp\/v2\/pages\/7790\/revisions"}],"predecessor-version":[{"id":90429,"href":"https:\/\/lutz-blades.com\/it\/wp-json\/wp\/v2\/pages\/7790\/revisions\/90429"}],"wp:attachment":[{"href":"https:\/\/lutz-blades.com\/it\/wp-json\/wp\/v2\/media?parent=7790"}],"curies":[{"name":"wp","href":"https:\/\/api.w.org\/{rel}","templated":true}]}}