{"id":46382,"date":"2023-10-20T09:50:11","date_gmt":"2023-10-20T07:50:11","guid":{"rendered":"https:\/\/lutz-blades.com\/test\/"},"modified":"2024-01-16T13:17:03","modified_gmt":"2024-01-16T12:17:03","slug":"test","status":"publish","type":"page","link":"https:\/\/lutz-blades.com\/it\/test\/","title":{"rendered":"Test"},"content":{"rendered":"\n\t\t\t       \n            \n            <div class=\"hero hero-67aeb723 full --randomized\" data-slides=\"7\" data-start=\"2\">\n\t\t\t\t\n\t\t\t\t<div class=\"hero-slides\">\t\t\t\t\n\t\t\t\t<div class=\"acf-innerblocks-container\">\n<div class=\"hero-slide hero-slide-8e651217 is-style-video\">\r\n\t\t\t\t<div class=\"hero-canvas\" data-aos=\"fade-right\">\r\n\t\t\t\t\t<h1 class=\"hero-headline\">Lame per applicazioni di taglio industriale<\/h1>\t\t\t\t\t\t\t\t\t\t\t\t\t\t\t\t<a class=\"hero-button\" href=\"\/anwendungsgebiete\/medizin\/\" target=\"\">\r\n\t\t\t\t\t\t\t<span class=\"hero-button-label \">Pr\u00e4zision und Sch\u00e4rfe f\u00fcr die Medizin- und Labortechnik<\/span>\r\n\t\t\t\t\t\t\t\t\t\t\t\t\t<\/a>\r\n\t\t\t\t\t\t\t\t\t<\/div>\r\n\t\t\t\t<div class=\"hero-media hero-media-video\" data-aos=\"fade-left\"><video id=\"hero-video\" muted playsinline poster=\"\" width=\"1920\" height=\"1080\" autoplay loop>\r\n\t\t\t\t\t\t\t<source src=\"https:\/\/lutz-blades.com\/wp-content\/uploads\/AdobeStock_197404191.mp4\" type=\"video\/mp4\">\r\n\t\t\t\t\t\t<\/video><\/div>            <\/div>\n\r\n\t\t\t       \r\n                    \r\n            \r\n\t\t\t\t\r\n            \t\t\t\r\n\t\t\t\r\n\r\n\r\n            \n\n\r\n\t\t\t       \r\n                    \r\n            \r\n\t\t\t\t\r\n            \t\t\t\r\n\t\t\t\r\n\r\n\r\n            \n\n\r\n\t\t\t       \r\n                    \r\n            \r\n\t\t\t\t\r\n            \t\t\t\r\n\t\t\t\r\n\r\n\r\n            \n\n\r\n\t\t\t       \r\n                    \r\n            \r\n\t\t\t\t\r\n            \t\t\t\r\n\t\t\t\r\n\r\n\r\n            \n\n\r\n\t\t\t       \r\n                    \r\n            \r\n\t\t\t\t\r\n            \t\t\t\r\n\t\t\t\r\n\r\n\r\n            \n\n\r\n\t\t\t       \r\n                    \r\n            \r\n\t\t\t\t\r\n            \t\t\t\r\n\t\t\t\r\n\r\n\r\n            \n\n\r\n\t\t\t       \r\n                    \r\n            \r\n\t\t\t\t\r\n            \t\t\t\r\n\t\t\t\r\n\r\n\r\n            \n<\/div>\n\t\t\t\t<\/div>\t\t\t\t\t\t\t\t\n\t\t\t\t\t\t\t<\/div>\n\t\t\t\t\n\t\t\t\n\t\t\t        \n            ","protected":false},"excerpt":{"rendered":"","protected":false},"author":1,"featured_media":0,"parent":0,"menu_order":19,"comment_status":"closed","ping_status":"closed","template":"","meta":{"_acf_changed":false,"footnotes":""},"class_list":{"0":"post-46382","1":"page","2":"type-page","3":"status-publish","5":"no-featured-image-padding"},"acf":[],"yoast_head":"<!-- This site is optimized with the Yoast SEO plugin v27.4 - https:\/\/yoast.com\/product\/yoast-seo-wordpress\/ -->\n<title>Test - LUTZ BLADES exactly<\/title>\n<meta name=\"robots\" content=\"noindex, follow\" \/>\n<meta property=\"og:locale\" content=\"it_IT\" \/>\n<meta property=\"og:type\" content=\"article\" \/>\n<meta property=\"og:title\" content=\"Test - LUTZ BLADES exactly\" \/>\n<meta property=\"og:url\" content=\"https:\/\/lutz-blades.com\/it\/test\/\" \/>\n<meta property=\"og:site_name\" content=\"LUTZ BLADES exactly\" \/>\n<meta property=\"article:modified_time\" content=\"2024-01-16T12:17:03+00:00\" \/>\n<meta name=\"twitter:card\" content=\"summary_large_image\" \/>\n<script type=\"application\/ld+json\" class=\"yoast-schema-graph\">{\"@context\":\"https:\\\/\\\/schema.org\",\"@graph\":[{\"@type\":\"WebPage\",\"@id\":\"https:\\\/\\\/lutz-blades.com\\\/it\\\/test\\\/\",\"url\":\"https:\\\/\\\/lutz-blades.com\\\/it\\\/test\\\/\",\"name\":\"Test - LUTZ BLADES exactly\",\"isPartOf\":{\"@id\":\"https:\\\/\\\/lutz-blades.com\\\/it\\\/#website\"},\"datePublished\":\"2023-10-20T07:50:11+00:00\",\"dateModified\":\"2024-01-16T12:17:03+00:00\",\"breadcrumb\":{\"@id\":\"https:\\\/\\\/lutz-blades.com\\\/it\\\/test\\\/#breadcrumb\"},\"inLanguage\":\"it-IT\",\"potentialAction\":[{\"@type\":\"ReadAction\",\"target\":[\"https:\\\/\\\/lutz-blades.com\\\/it\\\/test\\\/\"]}]},{\"@type\":\"BreadcrumbList\",\"@id\":\"https:\\\/\\\/lutz-blades.com\\\/it\\\/test\\\/#breadcrumb\",\"itemListElement\":[{\"@type\":\"ListItem\",\"position\":1,\"name\":\"Startseite\",\"item\":\"https:\\\/\\\/lutz-blades.com\\\/it\\\/\"},{\"@type\":\"ListItem\",\"position\":2,\"name\":\"Test\"}]},{\"@type\":\"WebSite\",\"@id\":\"https:\\\/\\\/lutz-blades.com\\\/it\\\/#website\",\"url\":\"https:\\\/\\\/lutz-blades.com\\\/it\\\/\",\"name\":\"LUTZ BLADES exactly\",\"description\":\"\",\"publisher\":{\"@id\":\"https:\\\/\\\/lutz-blades.com\\\/it\\\/#organization\"},\"potentialAction\":[{\"@type\":\"SearchAction\",\"target\":{\"@type\":\"EntryPoint\",\"urlTemplate\":\"https:\\\/\\\/lutz-blades.com\\\/it\\\/?s={search_term_string}\"},\"query-input\":{\"@type\":\"PropertyValueSpecification\",\"valueRequired\":true,\"valueName\":\"search_term_string\"}}],\"inLanguage\":\"it-IT\"},{\"@type\":\"Organization\",\"@id\":\"https:\\\/\\\/lutz-blades.com\\\/it\\\/#organization\",\"name\":\"LUTZ BLADES exactly\",\"url\":\"https:\\\/\\\/lutz-blades.com\\\/it\\\/\",\"logo\":{\"@type\":\"ImageObject\",\"inLanguage\":\"it-IT\",\"@id\":\"https:\\\/\\\/lutz-blades.com\\\/it\\\/#\\\/schema\\\/logo\\\/image\\\/\",\"url\":\"https:\\\/\\\/lutz-blades.com\\\/wp-content\\\/uploads\\\/lutz-blades-logo.svg\",\"contentUrl\":\"https:\\\/\\\/lutz-blades.com\\\/wp-content\\\/uploads\\\/lutz-blades-logo.svg\",\"width\":240,\"height\":66,\"caption\":\"LUTZ BLADES exactly\"},\"image\":{\"@id\":\"https:\\\/\\\/lutz-blades.com\\\/it\\\/#\\\/schema\\\/logo\\\/image\\\/\"}}]}<\/script>\n<!-- \/ Yoast SEO plugin. -->","yoast_head_json":{"title":"Test - LUTZ BLADES exactly","robots":{"index":"noindex","follow":"follow"},"og_locale":"it_IT","og_type":"article","og_title":"Test - LUTZ BLADES exactly","og_url":"https:\/\/lutz-blades.com\/it\/test\/","og_site_name":"LUTZ BLADES exactly","article_modified_time":"2024-01-16T12:17:03+00:00","twitter_card":"summary_large_image","schema":{"@context":"https:\/\/schema.org","@graph":[{"@type":"WebPage","@id":"https:\/\/lutz-blades.com\/it\/test\/","url":"https:\/\/lutz-blades.com\/it\/test\/","name":"Test - LUTZ BLADES exactly","isPartOf":{"@id":"https:\/\/lutz-blades.com\/it\/#website"},"datePublished":"2023-10-20T07:50:11+00:00","dateModified":"2024-01-16T12:17:03+00:00","breadcrumb":{"@id":"https:\/\/lutz-blades.com\/it\/test\/#breadcrumb"},"inLanguage":"it-IT","potentialAction":[{"@type":"ReadAction","target":["https:\/\/lutz-blades.com\/it\/test\/"]}]},{"@type":"BreadcrumbList","@id":"https:\/\/lutz-blades.com\/it\/test\/#breadcrumb","itemListElement":[{"@type":"ListItem","position":1,"name":"Startseite","item":"https:\/\/lutz-blades.com\/it\/"},{"@type":"ListItem","position":2,"name":"Test"}]},{"@type":"WebSite","@id":"https:\/\/lutz-blades.com\/it\/#website","url":"https:\/\/lutz-blades.com\/it\/","name":"LUTZ BLADES exactly","description":"","publisher":{"@id":"https:\/\/lutz-blades.com\/it\/#organization"},"potentialAction":[{"@type":"SearchAction","target":{"@type":"EntryPoint","urlTemplate":"https:\/\/lutz-blades.com\/it\/?s={search_term_string}"},"query-input":{"@type":"PropertyValueSpecification","valueRequired":true,"valueName":"search_term_string"}}],"inLanguage":"it-IT"},{"@type":"Organization","@id":"https:\/\/lutz-blades.com\/it\/#organization","name":"LUTZ BLADES exactly","url":"https:\/\/lutz-blades.com\/it\/","logo":{"@type":"ImageObject","inLanguage":"it-IT","@id":"https:\/\/lutz-blades.com\/it\/#\/schema\/logo\/image\/","url":"https:\/\/lutz-blades.com\/wp-content\/uploads\/lutz-blades-logo.svg","contentUrl":"https:\/\/lutz-blades.com\/wp-content\/uploads\/lutz-blades-logo.svg","width":240,"height":66,"caption":"LUTZ BLADES exactly"},"image":{"@id":"https:\/\/lutz-blades.com\/it\/#\/schema\/logo\/image\/"}}]}},"_links":{"self":[{"href":"https:\/\/lutz-blades.com\/it\/wp-json\/wp\/v2\/pages\/46382","targetHints":{"allow":["GET"]}}],"collection":[{"href":"https:\/\/lutz-blades.com\/it\/wp-json\/wp\/v2\/pages"}],"about":[{"href":"https:\/\/lutz-blades.com\/it\/wp-json\/wp\/v2\/types\/page"}],"author":[{"embeddable":true,"href":"https:\/\/lutz-blades.com\/it\/wp-json\/wp\/v2\/users\/1"}],"replies":[{"embeddable":true,"href":"https:\/\/lutz-blades.com\/it\/wp-json\/wp\/v2\/comments?post=46382"}],"version-history":[{"count":1,"href":"https:\/\/lutz-blades.com\/it\/wp-json\/wp\/v2\/pages\/46382\/revisions"}],"predecessor-version":[{"id":46383,"href":"https:\/\/lutz-blades.com\/it\/wp-json\/wp\/v2\/pages\/46382\/revisions\/46383"}],"wp:attachment":[{"href":"https:\/\/lutz-blades.com\/it\/wp-json\/wp\/v2\/media?parent=46382"}],"curies":[{"name":"wp","href":"https:\/\/api.w.org\/{rel}","templated":true}]}}