{"id":7780,"date":"2023-04-28T09:24:26","date_gmt":"2023-04-28T07:24:26","guid":{"rendered":"https:\/\/wp.lutz-blades.com\/mentions-legales\/"},"modified":"2025-08-26T13:36:15","modified_gmt":"2025-08-26T11:36:15","slug":"mentions-legales","status":"publish","type":"page","link":"https:\/\/lutz-blades.com\/fr\/mentions-legales\/","title":{"rendered":"Mentions l\u00e9gales"},"content":{"rendered":"\n\t\t\t       \n            \n            <div class=\"hero hero-2f26e54a sub\" data-slides=\"1\" data-start=\"0\">\n\t\t\t\t\n\t\t\t\t\t\t\t\t\n\t\t\t\t<div class=\"acf-innerblocks-container\">\n\r\n\t\t\t       \r\n                    \r\n            <div class=\"hero-slide hero-slide-05542446 is-style-image\">\r\n\t\t\t\t<div class=\"hero-canvas\" data-aos=\"fade-right\">\r\n\t\t\t\t\t<h1 class=\"hero-headline\">Mentions l\u00e9gales<\/h1>\t\t\t\t\t<span class=\"hero-subheadline subheadline\">LUTZ BLADES exact<\/span>\t\t\t\t\t\t\t\t\t<\/div>\r\n\t\t\t\t<div class=\"hero-media hero-media-image\" data-aos=\"fade-left\"><img loading=\"lazy\" decoding=\"async\" width=\"1860\" height=\"720\" src=\"https:\/\/lutz-blades.com\/wp-content\/uploads\/lutz-blades-standort-solingen.jpg\" class=\"attachment-full size-full\" alt=\"\" srcset=\"https:\/\/lutz-blades.com\/wp-content\/uploads\/lutz-blades-standort-solingen.jpg 1860w, https:\/\/lutz-blades.com\/wp-content\/uploads\/lutz-blades-standort-solingen-300x116.jpg 300w, https:\/\/lutz-blades.com\/wp-content\/uploads\/lutz-blades-standort-solingen-1024x396.jpg 1024w, https:\/\/lutz-blades.com\/wp-content\/uploads\/lutz-blades-standort-solingen-768x297.jpg 768w, https:\/\/lutz-blades.com\/wp-content\/uploads\/lutz-blades-standort-solingen-1536x595.jpg 1536w, https:\/\/lutz-blades.com\/wp-content\/uploads\/lutz-blades-standort-solingen-800x310.jpg 800w, https:\/\/lutz-blades.com\/wp-content\/uploads\/lutz-blades-standort-solingen-25x10.jpg 25w, https:\/\/lutz-blades.com\/wp-content\/uploads\/lutz-blades-standort-solingen-40x15.jpg 40w, https:\/\/lutz-blades.com\/wp-content\/uploads\/lutz-blades-standort-solingen-50x19.jpg 50w\" sizes=\"auto, (max-width: 1860px) 100vw, 1860px\" \/><\/div>            <\/div>\r\n\t\t\t\t\r\n            \t\t\t\r\n\t\t\t\r\n\r\n\r\n            \n<\/div>\n\t\t\t\t\t\t\t\t\t\t\t\t\n\t\t\t\t\t\t\t<\/div>\n\t\t\t\t\n\t\t\t\n\t\t\t        \n            \n\n<section class=\"gb-container gb-container-f420d16f gb-container-white\">\n<div class=\"gb-container gb-container-1bb3f6f5\">\n\n<div class=\"wp-block-pixel-headline headlines is-subheadline-bottom has-text-align-left\"><h2 class=\"headline\" style=\"color:\">Mentions l\u00e9gales<\/h2><\/div>\n\n\n<div class=\"gb-grid-wrapper gb-grid-wrapper-20769924\">\n<div class=\"gb-grid-column gb-grid-column-ff356af9\"><div class=\"gb-container gb-container-ff356af9\" data-aos=\"fade-right\">\n\n<p>LUTZ GmbH &amp; Co. KG<br>Piepersberg 20<br>42653 Solingen<br>Allemagne<\/p>\n\n\n\n<p><strong>Contact :<\/strong><br>T\u00e9l : <a href=\"tel:+4921259660\" target=\"_blank\" rel=\"nofollow\">+49 212 5966-0<\/a><br>Courrier \u00e9lectronique :  <a href=\"mailto:info@lutz-blades.com\"><\/a><a href=\"javascript:linkTo_UnCryptMailto(%27ocknvq%2CkphqBnwvb%5C%2Fdncfgu0eqo%27);\" target=\"_blank\" rel=\"nofollow\">info@lutz-blades.com<\/a><\/p>\n\n\n\n<p><strong>Num\u00e9ro d&rsquo;identification de la taxe sur le chiffre d&rsquo;affaires :<\/strong><br>Num\u00e9ro de TVA : DE 120874491<\/p>\n\n\n\n<p><strong>Registre du commerce :<\/strong><br>Tribunal d&rsquo;instance de Wuppertal, registre du commerce A 19444<\/p>\n\n\n\n<p><strong>Compl\u00e9mentaire :<\/strong><br>Lutz-Verwaltungs GmbH<br>Tribunal d&rsquo;instance de Wuppertal, registre du commerce B 16707<\/p>\n\n\n\n<p><strong>Directeur g\u00e9n\u00e9ral :<br><\/strong>Dipl.-Ing. (FH) Alexander Lutz<br>Ing\u00e9nieur dipl\u00f4m\u00e9 (FH) Martin Wurth<br>\u00c9conomiste dipl\u00f4m\u00e9 Christian Kn\u00f6ppel<\/p>\n\n\n\n<p><strong>Protection des d\u00e9nonciateurs :<br><\/strong><a href=\"mailto:Hinweisgeberschutz-LUTZ@web.de\" target=\"_blank\" rel=\"nofollow\">Hinweisgeberschutz-LUTZ@web.de<\/a><\/p>\n\n\n\n<div class=\"wp-block-pixel-headline headlines is-subheadline-bottom has-text-align-left\"><h3 class=\"headline\" style=\"color:\">R\u00e8glement des litiges<\/h3><\/div>\n\n\n\n<p>Nous ne sommes pas pr\u00eats ou oblig\u00e9s de participer \u00e0 des proc\u00e9dures de r\u00e8glement des litiges devant un organisme de conciliation des consommateurs.<\/p>\n\n<\/div><\/div>\n\n<div class=\"gb-grid-column gb-grid-column-3bae260f\"><div class=\"gb-container gb-container-3bae260f\" data-aos=\"fade-left\">\n\n<div class=\"wp-block-pixel-headline headlines is-subheadline-bottom has-text-align-left\"><h3 class=\"headline\" style=\"color:\">Responsabilit\u00e9 du contenu<\/h3><\/div>\n\n\n\n<p>En tant que prestataire de services, nous sommes tenus, conform\u00e9ment au \u00a7 7 al. 1 DDG pour ses propres contenus sur ces pages selon les lois g\u00e9n\u00e9rales. Selon les \u00a7\u00a7 8 \u00e0 10 de la loi allemande sur les services num\u00e9riques (DDG), nous ne sommes toutefois pas tenus, en tant que prestataire de services, de surveiller les informations externes transmises ou enregistr\u00e9es ou de rechercher des circonstances indiquant une activit\u00e9 ill\u00e9gale.<\/p>\n\n\n\n<p>Les obligations de supprimer ou de bloquer l&rsquo;utilisation d&rsquo;informations conform\u00e9ment aux lois g\u00e9n\u00e9rales restent inchang\u00e9es. Une responsabilit\u00e9 \u00e0 cet \u00e9gard n&rsquo;est toutefois possible qu&rsquo;\u00e0 partir du moment o\u00f9 une violation concr\u00e8te de la loi est connue. D\u00e8s que nous aurons connaissance de telles violations, nous retirerons imm\u00e9diatement ces contenus.<\/p>\n\n\n\n<div class=\"wp-block-pixel-headline headlines is-subheadline-bottom has-text-align-left\"><h3 class=\"headline\" style=\"color:\">Responsabilit\u00e9 pour les liens<\/h3><\/div>\n\n\n\n<p>Notre offre contient des liens vers des sites web externes de tiers, sur le contenu desquels nous n&rsquo;avons aucune influence. C&rsquo;est pourquoi nous ne pouvons pas non plus nous porter garants de ces contenus \u00e9trangers. Le fournisseur ou l&rsquo;exploitant des pages li\u00e9es est toujours responsable du contenu de ces pages. Les pages li\u00e9es ont \u00e9t\u00e9 v\u00e9rifi\u00e9es au moment de la cr\u00e9ation du lien afin de s&rsquo;assurer qu&rsquo;elles n&rsquo;enfreignaient pas la loi. Aucun contenu ill\u00e9gal n&rsquo;a \u00e9t\u00e9 identifi\u00e9 au moment de la cr\u00e9ation du lien.<\/p>\n\n\n\n<p>Un contr\u00f4le permanent du contenu des pages li\u00e9es n&rsquo;est toutefois pas exigible sans indices concrets d&rsquo;une violation de la loi. D\u00e8s que nous aurons connaissance de violations de la loi, nous supprimerons imm\u00e9diatement de tels liens.<\/p>\n\n\n\n<div class=\"wp-block-pixel-headline headlines is-subheadline-bottom has-text-align-left\"><h3 class=\"headline\" style=\"color:\">Droit d&rsquo;auteur<\/h3><\/div>\n\n\n\n<p>Les contenus et \u0153uvres cr\u00e9\u00e9s par les exploitants de ces pages sont soumis au droit d&rsquo;auteur allemand. La reproduction, le traitement, la diffusion et toute forme d&rsquo;exploitation en dehors des limites du droit d&rsquo;auteur requi\u00e8rent l&rsquo;accord \u00e9crit de l&rsquo;auteur ou du cr\u00e9ateur concern\u00e9. Les t\u00e9l\u00e9chargements et les copies de cette page ne sont autoris\u00e9s que pour un usage priv\u00e9 et non commercial.<\/p>\n\n\n\n<p>Dans la mesure o\u00f9 les contenus de ce site n&rsquo;ont pas \u00e9t\u00e9 cr\u00e9\u00e9s par l&rsquo;exploitant, les droits d&rsquo;auteur de tiers sont respect\u00e9s. En particulier, les contenus de tiers sont identifi\u00e9s comme tels. Si vous deviez n\u00e9anmoins constater une violation des droits d&rsquo;auteur, nous vous prions de nous en informer. D\u00e8s que nous aurons connaissance d&rsquo;une violation de la loi, nous supprimerons imm\u00e9diatement de tels contenus.<\/p>\n\n<\/div><\/div>\n<\/div>\n<\/div>\n<\/section>","protected":false},"excerpt":{"rendered":"","protected":false},"author":1,"featured_media":0,"parent":0,"menu_order":27,"comment_status":"closed","ping_status":"closed","template":"","meta":{"_acf_changed":false,"footnotes":""},"class_list":{"0":"post-7780","1":"page","2":"type-page","3":"status-publish","5":"no-featured-image-padding"},"acf":[],"yoast_head":"<!-- This site is optimized with the Yoast SEO plugin v27.2 - https:\/\/yoast.com\/product\/yoast-seo-wordpress\/ -->\n<title>Mentions l\u00e9gales - LUTZ BLADES<\/title>\n<meta name=\"description\" content=\"En savoir plus sur les mentions l\u00e9gales de LUTZ BLADES \u27a1 Vous trouverez ici les coordonn\u00e9es &amp; informations l\u00e9gales de l&#039;entreprise.\" \/>\n<meta name=\"robots\" content=\"index, follow, max-snippet:-1, max-image-preview:large, max-video-preview:-1\" \/>\n<link rel=\"canonical\" href=\"https:\/\/lutz-blades.com\/fr\/mentions-legales\/\" \/>\n<meta property=\"og:locale\" content=\"fr_FR\" \/>\n<meta property=\"og:type\" content=\"article\" \/>\n<meta property=\"og:title\" content=\"Mentions l\u00e9gales - LUTZ BLADES\" \/>\n<meta property=\"og:description\" content=\"En savoir plus sur les mentions l\u00e9gales de LUTZ BLADES \u27a1 Vous trouverez ici les coordonn\u00e9es &amp; informations l\u00e9gales de l&#039;entreprise.\" \/>\n<meta property=\"og:url\" content=\"https:\/\/lutz-blades.com\/fr\/mentions-legales\/\" \/>\n<meta property=\"og:site_name\" content=\"LUTZ BLADES exactly\" \/>\n<meta property=\"article:modified_time\" content=\"2025-08-26T11:36:15+00:00\" \/>\n<meta name=\"twitter:card\" content=\"summary_large_image\" \/>\n<meta name=\"twitter:label1\" content=\"Dur\u00e9e de lecture estim\u00e9e\" \/>\n\t<meta name=\"twitter:data1\" content=\"3 minutes\" \/>\n<script type=\"application\/ld+json\" class=\"yoast-schema-graph\">{\"@context\":\"https:\/\/schema.org\",\"@graph\":[{\"@type\":\"WebPage\",\"@id\":\"https:\/\/lutz-blades.com\/fr\/mentions-legales\/\",\"url\":\"https:\/\/lutz-blades.com\/fr\/mentions-legales\/\",\"name\":\"Mentions l\u00e9gales - LUTZ BLADES\",\"isPartOf\":{\"@id\":\"https:\/\/lutz-blades.com\/fr\/#website\"},\"datePublished\":\"2023-04-28T07:24:26+00:00\",\"dateModified\":\"2025-08-26T11:36:15+00:00\",\"description\":\"En savoir plus sur les mentions l\u00e9gales de LUTZ BLADES \u27a1 Vous trouverez ici les coordonn\u00e9es & informations l\u00e9gales de l'entreprise.\",\"breadcrumb\":{\"@id\":\"https:\/\/lutz-blades.com\/fr\/mentions-legales\/#breadcrumb\"},\"inLanguage\":\"fr-FR\",\"potentialAction\":[{\"@type\":\"ReadAction\",\"target\":[\"https:\/\/lutz-blades.com\/fr\/mentions-legales\/\"]}]},{\"@type\":\"BreadcrumbList\",\"@id\":\"https:\/\/lutz-blades.com\/fr\/mentions-legales\/#breadcrumb\",\"itemListElement\":[{\"@type\":\"ListItem\",\"position\":1,\"name\":\"Startseite\",\"item\":\"https:\/\/lutz-blades.com\/fr\/\"},{\"@type\":\"ListItem\",\"position\":2,\"name\":\"Mentions l\u00e9gales\"}]},{\"@type\":\"WebSite\",\"@id\":\"https:\/\/lutz-blades.com\/fr\/#website\",\"url\":\"https:\/\/lutz-blades.com\/fr\/\",\"name\":\"LUTZ BLADES exactly\",\"description\":\"\",\"publisher\":{\"@id\":\"https:\/\/lutz-blades.com\/fr\/#organization\"},\"potentialAction\":[{\"@type\":\"SearchAction\",\"target\":{\"@type\":\"EntryPoint\",\"urlTemplate\":\"https:\/\/lutz-blades.com\/fr\/?s={search_term_string}\"},\"query-input\":{\"@type\":\"PropertyValueSpecification\",\"valueRequired\":true,\"valueName\":\"search_term_string\"}}],\"inLanguage\":\"fr-FR\"},{\"@type\":\"Organization\",\"@id\":\"https:\/\/lutz-blades.com\/fr\/#organization\",\"name\":\"LUTZ BLADES exactly\",\"url\":\"https:\/\/lutz-blades.com\/fr\/\",\"logo\":{\"@type\":\"ImageObject\",\"inLanguage\":\"fr-FR\",\"@id\":\"https:\/\/lutz-blades.com\/fr\/#\/schema\/logo\/image\/\",\"url\":\"https:\/\/lutz-blades.com\/wp-content\/uploads\/lutz-blades-logo.svg\",\"contentUrl\":\"https:\/\/lutz-blades.com\/wp-content\/uploads\/lutz-blades-logo.svg\",\"width\":240,\"height\":66,\"caption\":\"LUTZ BLADES exactly\"},\"image\":{\"@id\":\"https:\/\/lutz-blades.com\/fr\/#\/schema\/logo\/image\/\"}}]}<\/script>\n<!-- \/ Yoast SEO plugin. -->","yoast_head_json":{"title":"Mentions l\u00e9gales - LUTZ BLADES","description":"En savoir plus sur les mentions l\u00e9gales de LUTZ BLADES \u27a1 Vous trouverez ici les coordonn\u00e9es & informations l\u00e9gales de l'entreprise.","robots":{"index":"index","follow":"follow","max-snippet":"max-snippet:-1","max-image-preview":"max-image-preview:large","max-video-preview":"max-video-preview:-1"},"canonical":"https:\/\/lutz-blades.com\/fr\/mentions-legales\/","og_locale":"fr_FR","og_type":"article","og_title":"Mentions l\u00e9gales - LUTZ BLADES","og_description":"En savoir plus sur les mentions l\u00e9gales de LUTZ BLADES \u27a1 Vous trouverez ici les coordonn\u00e9es & informations l\u00e9gales de l'entreprise.","og_url":"https:\/\/lutz-blades.com\/fr\/mentions-legales\/","og_site_name":"LUTZ BLADES exactly","article_modified_time":"2025-08-26T11:36:15+00:00","twitter_card":"summary_large_image","twitter_misc":{"Dur\u00e9e de lecture estim\u00e9e":"3 minutes"},"schema":{"@context":"https:\/\/schema.org","@graph":[{"@type":"WebPage","@id":"https:\/\/lutz-blades.com\/fr\/mentions-legales\/","url":"https:\/\/lutz-blades.com\/fr\/mentions-legales\/","name":"Mentions l\u00e9gales - LUTZ BLADES","isPartOf":{"@id":"https:\/\/lutz-blades.com\/fr\/#website"},"datePublished":"2023-04-28T07:24:26+00:00","dateModified":"2025-08-26T11:36:15+00:00","description":"En savoir plus sur les mentions l\u00e9gales de LUTZ BLADES \u27a1 Vous trouverez ici les coordonn\u00e9es & informations l\u00e9gales de l'entreprise.","breadcrumb":{"@id":"https:\/\/lutz-blades.com\/fr\/mentions-legales\/#breadcrumb"},"inLanguage":"fr-FR","potentialAction":[{"@type":"ReadAction","target":["https:\/\/lutz-blades.com\/fr\/mentions-legales\/"]}]},{"@type":"BreadcrumbList","@id":"https:\/\/lutz-blades.com\/fr\/mentions-legales\/#breadcrumb","itemListElement":[{"@type":"ListItem","position":1,"name":"Startseite","item":"https:\/\/lutz-blades.com\/fr\/"},{"@type":"ListItem","position":2,"name":"Mentions l\u00e9gales"}]},{"@type":"WebSite","@id":"https:\/\/lutz-blades.com\/fr\/#website","url":"https:\/\/lutz-blades.com\/fr\/","name":"LUTZ BLADES exactly","description":"","publisher":{"@id":"https:\/\/lutz-blades.com\/fr\/#organization"},"potentialAction":[{"@type":"SearchAction","target":{"@type":"EntryPoint","urlTemplate":"https:\/\/lutz-blades.com\/fr\/?s={search_term_string}"},"query-input":{"@type":"PropertyValueSpecification","valueRequired":true,"valueName":"search_term_string"}}],"inLanguage":"fr-FR"},{"@type":"Organization","@id":"https:\/\/lutz-blades.com\/fr\/#organization","name":"LUTZ BLADES exactly","url":"https:\/\/lutz-blades.com\/fr\/","logo":{"@type":"ImageObject","inLanguage":"fr-FR","@id":"https:\/\/lutz-blades.com\/fr\/#\/schema\/logo\/image\/","url":"https:\/\/lutz-blades.com\/wp-content\/uploads\/lutz-blades-logo.svg","contentUrl":"https:\/\/lutz-blades.com\/wp-content\/uploads\/lutz-blades-logo.svg","width":240,"height":66,"caption":"LUTZ BLADES exactly"},"image":{"@id":"https:\/\/lutz-blades.com\/fr\/#\/schema\/logo\/image\/"}}]}},"_links":{"self":[{"href":"https:\/\/lutz-blades.com\/fr\/wp-json\/wp\/v2\/pages\/7780","targetHints":{"allow":["GET"]}}],"collection":[{"href":"https:\/\/lutz-blades.com\/fr\/wp-json\/wp\/v2\/pages"}],"about":[{"href":"https:\/\/lutz-blades.com\/fr\/wp-json\/wp\/v2\/types\/page"}],"author":[{"embeddable":true,"href":"https:\/\/lutz-blades.com\/fr\/wp-json\/wp\/v2\/users\/1"}],"replies":[{"embeddable":true,"href":"https:\/\/lutz-blades.com\/fr\/wp-json\/wp\/v2\/comments?post=7780"}],"version-history":[{"count":13,"href":"https:\/\/lutz-blades.com\/fr\/wp-json\/wp\/v2\/pages\/7780\/revisions"}],"predecessor-version":[{"id":90428,"href":"https:\/\/lutz-blades.com\/fr\/wp-json\/wp\/v2\/pages\/7780\/revisions\/90428"}],"wp:attachment":[{"href":"https:\/\/lutz-blades.com\/fr\/wp-json\/wp\/v2\/media?parent=7780"}],"curies":[{"name":"wp","href":"https:\/\/api.w.org\/{rel}","templated":true}]}}