{"id":64327,"date":"2024-06-19T14:49:15","date_gmt":"2024-06-19T12:49:15","guid":{"rendered":"https:\/\/lutz-blades.com\/?page_id=64327"},"modified":"2024-12-18T11:06:44","modified_gmt":"2024-12-18T10:06:44","slug":"marathon","status":"publish","type":"page","link":"https:\/\/lutz-blades.com\/fr\/marathon\/","title":{"rendered":"MARATHON"},"content":{"rendered":"<section class=\"gb-container gb-container-38ee220d marathon-section gb-container-white\">\n<div class=\"gb-container gb-container-9e928c60\">\n<div class=\"gb-container gb-container-79cb5536 marathon_tab gb-tabs\" data-opened-tab=\"1\">\n<div class=\"gb-container gb-container-da2941a9 marathon_links gb-tabs__buttons\">\n\n<button class=\"gb-button gb-button-1a110686 gb-button-text gb-tabs__button is-style-default\">Invisible<\/button>\n\n\n\n<button class=\"gb-button gb-button-69f32ee3 gb-button-text gb-tabs__button is-style-default\">DUR<\/button>\n\n\n\n<button class=\"gb-button gb-button-8a2c64f8 gb-button-text gb-tabs__button is-style-default\">TRANCHANT<\/button>\n\n\n\n<button class=\"gb-button gb-button-e37e79e7 gb-button-text gb-tabs__button is-style-default\">DURABLE<\/button>\n\n<\/div>\n\n<div class=\"gb-container gb-container-3fc0410a gb-tabs__items\">\n<div class=\"gb-container gb-container-f29160d1 gb-tabs__item-open animated_tab gb-tabs__item\">\n<div class=\"gb-grid-wrapper gb-grid-wrapper-9e9574fd\">\n<div class=\"gb-grid-column gb-grid-column-1f1e4eb2\"><div class=\"gb-container gb-container-1f1e4eb2\">\n<div class=\"gb-container gb-container-b3bf96b5 marathon-frame\">\n<div class=\"gb-grid-wrapper gb-grid-wrapper-9204ba3b marathon-frame-inner\">\n<div class=\"gb-grid-column gb-grid-column-3f78730d\"><div class=\"gb-container gb-container-3f78730d marathon_laeufer\">\n\n<figure class=\"wp-block-image size-full is-resized\"><img loading=\"lazy\" decoding=\"async\" width=\"2981\" height=\"2495\" src=\"https:\/\/lutz-blades.com\/wp-content\/uploads\/AdobeStock_329272814_Person-Freigestellt-2.png\" alt=\"\" class=\"wp-image-61021\" style=\"width:960px\" srcset=\"https:\/\/lutz-blades.com\/wp-content\/uploads\/AdobeStock_329272814_Person-Freigestellt-2.png 2981w, https:\/\/lutz-blades.com\/wp-content\/uploads\/AdobeStock_329272814_Person-Freigestellt-2-300x251.png 300w, https:\/\/lutz-blades.com\/wp-content\/uploads\/AdobeStock_329272814_Person-Freigestellt-2-1024x857.png 1024w, https:\/\/lutz-blades.com\/wp-content\/uploads\/AdobeStock_329272814_Person-Freigestellt-2-768x643.png 768w, https:\/\/lutz-blades.com\/wp-content\/uploads\/AdobeStock_329272814_Person-Freigestellt-2-1536x1286.png 1536w, https:\/\/lutz-blades.com\/wp-content\/uploads\/AdobeStock_329272814_Person-Freigestellt-2-2048x1714.png 2048w, https:\/\/lutz-blades.com\/wp-content\/uploads\/AdobeStock_329272814_Person-Freigestellt-2-597x500.png 597w\" sizes=\"auto, (max-width: 2981px) 100vw, 2981px\" \/><\/figure>\n\n<\/div><\/div>\n\n<div class=\"gb-grid-column gb-grid-column-7ce2af34\"><div class=\"gb-container gb-container-7ce2af34\">\n\n<p><strong><strong>La rev\u00eatement MARATHON de LUTZ BLADES transforme les lames en v\u00e9ritables coureurs de fond<\/strong><\/strong><\/p>\n\n<\/div><\/div>\n<\/div>\n<\/div>\n<\/div><\/div>\n\n<div class=\"gb-grid-column gb-grid-column-f5f74dad\"><div class=\"gb-container gb-container-f5f74dad marathon_header\">\n\n<h2 class=\"wp-block-heading headline-marathon has-global-color-5-color has-text-color has-link-color wp-elements-fd71f76cb60646ce61ca2265dae19749\">MARATHON<\/h2>\n\n\n\n<p>rev\u00eatu par LUTZ BLADES<\/p>\n\n<\/div><\/div>\n<\/div>\n<\/div>\n\n<div class=\"gb-container gb-container-7d82fb7c gb-tabs__item\">\n<div class=\"gb-grid-wrapper gb-grid-wrapper-18e51386\">\n<div class=\"gb-grid-column gb-grid-column-9fd8da7d\"><div class=\"gb-container gb-container-9fd8da7d\">\n<div class=\"gb-container gb-container-accf04d1 marathon-frame marathon-form\">\n<div class=\"gb-grid-wrapper gb-grid-wrapper-ec5cde64 marathon-frame-inner\">\n<div class=\"gb-grid-column gb-grid-column-f657cbfa\"><div class=\"gb-container gb-container-f657cbfa\">\n\n<p>Pour plus d&rsquo;informations sur notre rev\u00eatement MARATHON ou pour toute question sur nos lames, nos conseillers techniques commerciaux sont \u00e0 votre disposition.<\/p>\n\n<\/div><\/div>\n\n<div class=\"gb-grid-column gb-grid-column-00a66078\"><div class=\"gb-container gb-container-00a66078\">\n<p class=\"wpcf7-contact-form-not-found\"><strong>Erreur\u00a0:<\/strong> Formulaire de contact non trouv\u00e9\u00a0!<\/p>\n\n<\/div><\/div>\n<\/div>\n<\/div>\n\n<div class=\"gb-container gb-container-ce4863ca marathon-frame\">\n<div class=\"gb-grid-wrapper gb-grid-wrapper-9e4f42f8 marathon-frame-inner\">\n<div class=\"gb-grid-column gb-grid-column-9877a988\"><div class=\"gb-container gb-container-9877a988\">\n\n<p><strong>DUR<\/strong><\/p>\n\n\n\n<p>L&rsquo;un des domaines d&rsquo;application est le traitement des rubans de polypropyl\u00e8ne. Cette op\u00e9ration est r\u00e9alis\u00e9e avec des additifs ajout\u00e9s au mat\u00e9riau, ce qui a un effet abrasif sur les lames. Le rev\u00eatement MARATHON garantit dans ce cas que les lames restent r\u00e9sistantes \u00e0 l&rsquo;usure et \u00e0 l&rsquo;abrasion aussi longtemps que possible. Un rev\u00eatement de mat\u00e9riau dur de quelques microm\u00e8tres leur conf\u00e8re une r\u00e9sistance \u00e9lev\u00e9e \u00e0 l&rsquo;usure avec un coefficient de frottement tr\u00e8s faible (environ 0,1 par rapport \u00e0 l&rsquo;acier de r\u00e9f\u00e9rence).<\/p>\n\n<\/div><\/div>\n\n<div class=\"gb-grid-column gb-grid-column-3e135f5f\"><div class=\"gb-container gb-container-3e135f5f\">\n\n<div class=\"wp-block-buttons marathon_button is-layout-flex wp-block-buttons-is-layout-flex\">\n<div class=\"wp-block-button has-custom-width wp-block-button__width-100 marathoncontact\"><a class=\"wp-block-button__link has-global-color-5-color has-color-accent-background-color has-text-color has-background has-link-color wp-element-button\" style=\"border-radius:0px\">PRENDRE CONTACT<\/a><\/div>\n\n\n\n<div class=\"wp-block-button has-custom-width wp-block-button__width-100 is-style-outline activatefirsttab is-style-outline--1\"><a class=\"wp-block-button__link has-global-color-5-color has-color-brand-background-color has-text-color has-background has-link-color wp-element-button\" style=\"border-radius:0px\">RETOUR<\/a><\/div>\n<\/div>\n\n<\/div><\/div>\n<\/div>\n<\/div>\n<\/div><\/div>\n\n<div class=\"gb-grid-column gb-grid-column-d9ae05a5\"><div class=\"gb-container gb-container-d9ae05a5 marathon_header\">\n<div class=\"gb-grid-wrapper gb-grid-wrapper-2d3cb62e\">\n<div class=\"gb-grid-column gb-grid-column-bbd015dd\"><div class=\"gb-container gb-container-bbd015dd\">\n\n<figure class=\"gb-block-image gb-block-image-bbf6b130\"><img loading=\"lazy\" decoding=\"async\" width=\"668\" height=\"413\" class=\"gb-image gb-image-bbf6b130\" src=\"https:\/\/lutz-blades.com\/wp-content\/uploads\/hart-klingen.png\" alt=\"\"  srcset=\"https:\/\/lutz-blades.com\/wp-content\/uploads\/hart-klingen.png 668w, https:\/\/lutz-blades.com\/wp-content\/uploads\/hart-klingen-300x185.png 300w\" sizes=\"auto, (max-width: 668px) 100vw, 668px\" \/><\/figure>\n\n<\/div><\/div>\n\n<div class=\"gb-grid-column gb-grid-column-2a68146c\"><div class=\"gb-container gb-container-2a68146c\">\n\n<h2 class=\"wp-block-heading headline-marathon has-global-color-5-color has-text-color has-link-color wp-elements-fd71f76cb60646ce61ca2265dae19749\">MARATHON<\/h2>\n\n\n\n<p>coated by LUTZ BLADES<\/p>\n\n<\/div><\/div>\n<\/div>\n<\/div><\/div>\n<\/div>\n<\/div>\n\n<div class=\"gb-container gb-container-492bd317 gb-tabs__item\">\n<div class=\"gb-grid-wrapper gb-grid-wrapper-ffe64cbd\">\n<div class=\"gb-grid-column gb-grid-column-0bf96a9f\"><div class=\"gb-container gb-container-0bf96a9f\">\n<div class=\"gb-container gb-container-17812cf1 marathon-frame marathon-form\">\n<div class=\"gb-grid-wrapper gb-grid-wrapper-8de2a24e marathon-frame-inner\">\n<div class=\"gb-grid-column gb-grid-column-d94e0164\"><div class=\"gb-container gb-container-d94e0164\">\n\n<p>Pour plus d&rsquo;informations sur notre rev\u00eatement MARATHON ou pour toute question sur nos lames, nos conseillers techniques commerciaux sont \u00e0 votre disposition.<\/p>\n\n<\/div><\/div>\n\n<div class=\"gb-grid-column gb-grid-column-e4608f97\"><div class=\"gb-container gb-container-e4608f97\">\n<p class=\"wpcf7-contact-form-not-found\"><strong>Erreur\u00a0:<\/strong> Formulaire de contact non trouv\u00e9\u00a0!<\/p>\n\n<\/div><\/div>\n<\/div>\n<\/div>\n\n<div class=\"gb-container gb-container-c979d8a7 marathon-frame\">\n<div class=\"gb-grid-wrapper gb-grid-wrapper-063a1c6b marathon-frame-inner\">\n<div class=\"gb-grid-column gb-grid-column-432e42ea\"><div class=\"gb-container gb-container-432e42ea\">\n\n<p><strong><strong>TRANCHANT<\/strong><\/strong><\/p>\n\n\n\n<p>En r\u00e8gle g\u00e9n\u00e9rale, un tranchant n&rsquo;est pas rev\u00eatu, car il devient plus rond et perd de son tranchant. Sauf si elle est recouverte du rev\u00eatement MARATHON. En effet, celle-ci se superpose au tranchant avec une telle pr\u00e9cision que le tranchant est conserv\u00e9 &#8211; tout en optimisant la duret\u00e9, la rigidit\u00e9 et la r\u00e9sistance.<\/p>\n\n<\/div><\/div>\n\n<div class=\"gb-grid-column gb-grid-column-69041098\"><div class=\"gb-container gb-container-69041098\">\n\n<div class=\"wp-block-buttons marathon_button is-layout-flex wp-block-buttons-is-layout-flex\">\n<div class=\"wp-block-button has-custom-width wp-block-button__width-100 marathoncontact\"><a class=\"wp-block-button__link has-global-color-5-color has-color-accent-background-color has-text-color has-background has-link-color wp-element-button\" style=\"border-radius:0px\">PRENDRE CONTACT<\/a><\/div>\n\n\n\n<div class=\"wp-block-button has-custom-width wp-block-button__width-100 is-style-outline activatefirsttab is-style-outline--2\"><a class=\"wp-block-button__link has-global-color-5-color has-color-brand-background-color has-text-color has-background has-link-color wp-element-button\" style=\"border-radius:0px\">RETOUR<\/a><\/div>\n<\/div>\n\n<\/div><\/div>\n<\/div>\n<\/div>\n<\/div><\/div>\n\n<div class=\"gb-grid-column gb-grid-column-4958e832\"><div class=\"gb-container gb-container-4958e832 marathon_header\">\n<div class=\"gb-grid-wrapper gb-grid-wrapper-87922c1a\">\n<div class=\"gb-grid-column gb-grid-column-b5543eca\"><div class=\"gb-container gb-container-b5543eca\">\n\n<figure class=\"gb-block-image gb-block-image-797b820f\"><img loading=\"lazy\" decoding=\"async\" width=\"608\" height=\"371\" class=\"gb-image gb-image-797b820f\" src=\"https:\/\/lutz-blades.com\/wp-content\/uploads\/scharf-klingen.png\" alt=\"\"  srcset=\"https:\/\/lutz-blades.com\/wp-content\/uploads\/scharf-klingen.png 608w, https:\/\/lutz-blades.com\/wp-content\/uploads\/scharf-klingen-300x183.png 300w\" sizes=\"auto, (max-width: 608px) 100vw, 608px\" \/><\/figure>\n\n<\/div><\/div>\n\n<div class=\"gb-grid-column gb-grid-column-39668649\"><div class=\"gb-container gb-container-39668649\">\n\n<h2 class=\"wp-block-heading headline-marathon has-global-color-5-color has-text-color has-link-color wp-elements-fd71f76cb60646ce61ca2265dae19749\">MARATHON<\/h2>\n\n\n\n<p>coated by LUTZ BLADES<\/p>\n\n<\/div><\/div>\n<\/div>\n<\/div><\/div>\n<\/div>\n<\/div>\n\n<div class=\"gb-container gb-container-1ae80e2c gb-tabs__item\">\n<div class=\"gb-grid-wrapper gb-grid-wrapper-66e3e4cf\">\n<div class=\"gb-grid-column gb-grid-column-a5c28a64\"><div class=\"gb-container gb-container-a5c28a64\">\n<div class=\"gb-container gb-container-a765dd19 marathon-frame marathon-form\">\n<div class=\"gb-grid-wrapper gb-grid-wrapper-02b933f6 marathon-frame-inner\">\n<div class=\"gb-grid-column gb-grid-column-77a72461\"><div class=\"gb-container gb-container-77a72461\">\n\n<p>Pour plus d&rsquo;informations sur notre rev\u00eatement MARATHON ou pour toute question sur nos lames, nos conseillers techniques commerciaux sont \u00e0 votre disposition.<\/p>\n\n<\/div><\/div>\n\n<div class=\"gb-grid-column gb-grid-column-25ab53c1\"><div class=\"gb-container gb-container-25ab53c1\">\n<p class=\"wpcf7-contact-form-not-found\"><strong>Erreur\u00a0:<\/strong> Formulaire de contact non trouv\u00e9\u00a0!<\/p>\n\n<\/div><\/div>\n<\/div>\n<\/div>\n\n<div class=\"gb-container gb-container-cbbff2ca marathon-frame\">\n<div class=\"gb-grid-wrapper gb-grid-wrapper-f62cb0b1 marathon-frame-inner\">\n<div class=\"gb-grid-column gb-grid-column-0141cbcf\"><div class=\"gb-container gb-container-0141cbcf\">\n\n<p><strong>DURABLE<\/strong><\/p>\n\n\n\n<p>Le rev\u00eatement MARATHON de LUTZ BLADES transforme les lames en v\u00e9ritables coureurs de fond. Ce rev\u00eatement permet d&rsquo;obtenir des dur\u00e9es de vie nettement sup\u00e9rieures \u00e0 celles d&rsquo;un rev\u00eatement standard ordinaire en TiN ou TiAIN. M\u00eame en cas d&rsquo;utilisation intensive, les lames rev\u00eatues de MARATHON conservent leur capacit\u00e9 de coupe et leur pr\u00e9cision.<\/p>\n\n\n\n<p>Le rev\u00eatement MARATHON de LUTZ BLADES transforme les lames en v\u00e9ritables coureurs de fond.<\/p>\n\n<\/div><\/div>\n\n<div class=\"gb-grid-column gb-grid-column-e3760ee1\"><div class=\"gb-container gb-container-e3760ee1\">\n\n<div class=\"wp-block-buttons marathon_button is-layout-flex wp-block-buttons-is-layout-flex\">\n<div class=\"wp-block-button has-custom-width wp-block-button__width-100 marathoncontact\"><a class=\"wp-block-button__link has-global-color-5-color has-color-accent-background-color has-text-color has-background has-link-color wp-element-button\" style=\"border-radius:0px\">PRENDRE CONTACT<\/a><\/div>\n\n\n\n<div class=\"wp-block-button has-custom-width wp-block-button__width-100 is-style-outline activatefirsttab is-style-outline--3\"><a class=\"wp-block-button__link has-global-color-5-color has-color-brand-background-color has-text-color has-background has-link-color wp-element-button\" style=\"border-radius:0px\">RETOUR<\/a><\/div>\n<\/div>\n\n<\/div><\/div>\n<\/div>\n<\/div>\n<\/div><\/div>\n\n<div class=\"gb-grid-column gb-grid-column-7d180379\"><div class=\"gb-container gb-container-7d180379 marathon_header\">\n<div class=\"gb-grid-wrapper gb-grid-wrapper-16b12705\">\n<div class=\"gb-grid-column gb-grid-column-027e8f9f\"><div class=\"gb-container gb-container-027e8f9f\">\n\n<figure class=\"gb-block-image gb-block-image-f7e4b7e4\"><img loading=\"lazy\" decoding=\"async\" width=\"668\" height=\"327\" class=\"gb-image gb-image-f7e4b7e4\" src=\"https:\/\/lutz-blades.com\/wp-content\/uploads\/langlebig-klingen.png\" alt=\"\"  srcset=\"https:\/\/lutz-blades.com\/wp-content\/uploads\/langlebig-klingen.png 668w, https:\/\/lutz-blades.com\/wp-content\/uploads\/langlebig-klingen-300x147.png 300w\" sizes=\"auto, (max-width: 668px) 100vw, 668px\" \/><\/figure>\n\n<\/div><\/div>\n\n<div class=\"gb-grid-column gb-grid-column-0c860b58\"><div class=\"gb-container gb-container-0c860b58\">\n\n<h2 class=\"wp-block-heading headline-marathon has-global-color-5-color has-text-color has-link-color wp-elements-fd71f76cb60646ce61ca2265dae19749\">MARATHON<\/h2>\n\n\n\n<p>coated by LUTZ BLADES<\/p>\n\n<\/div><\/div>\n<\/div>\n<\/div><\/div>\n<\/div>\n<\/div>\n<\/div>\n<\/div>\n<\/div>\n\n<div class=\"gb-container gb-container-d8c98314 marathon-video\">\n\n<figure class=\"wp-block-video\"><video height=\"1080\" style=\"aspect-ratio: 1920 \/ 1080;\" width=\"1920\" autoplay controls loop muted src=\"https:\/\/lutz-blades.com\/wp-content\/uploads\/marathon-background-video.mp4\" playsinline><\/video><\/figure>\n\n<\/div>\n<\/section>","protected":false},"excerpt":{"rendered":"","protected":false},"author":1,"featured_media":0,"parent":0,"menu_order":35,"comment_status":"closed","ping_status":"closed","template":"","meta":{"_acf_changed":false,"footnotes":""},"class_list":{"0":"post-64327","1":"page","2":"type-page","3":"status-publish","5":"no-featured-image-padding"},"acf":[],"yoast_head":"<!-- This site is optimized with the Yoast SEO plugin v27.2 - https:\/\/yoast.com\/product\/yoast-seo-wordpress\/ -->\n<title>LUTZ BLADES - tranchant, qualit\u00e9 &amp; pr\u00e9cision de nos lames<\/title>\n<meta name=\"description\" content=\"Augmentez votre productivit\u00e9 avec LUTZ BLADES \u2705 Apprenez-en plus sur nos processus d&#039;aff\u00fbtage, nos mat\u00e9riaux &amp; nos solutions de lames sur mesure.\" \/>\n<meta name=\"robots\" content=\"index, follow, max-snippet:-1, max-image-preview:large, max-video-preview:-1\" \/>\n<link rel=\"canonical\" href=\"https:\/\/lutz-blades.com\/fr\/marathon\/\" \/>\n<meta property=\"og:locale\" content=\"fr_FR\" \/>\n<meta property=\"og:type\" content=\"article\" \/>\n<meta property=\"og:title\" content=\"LUTZ BLADES - tranchant, qualit\u00e9 &amp; pr\u00e9cision de nos lames\" \/>\n<meta property=\"og:description\" content=\"Augmentez votre productivit\u00e9 avec LUTZ BLADES \u2705 Apprenez-en plus sur nos processus d&#039;aff\u00fbtage, nos mat\u00e9riaux &amp; nos solutions de lames sur mesure.\" \/>\n<meta property=\"og:url\" content=\"https:\/\/lutz-blades.com\/fr\/marathon\/\" \/>\n<meta property=\"og:site_name\" content=\"LUTZ BLADES exactly\" \/>\n<meta property=\"article:modified_time\" content=\"2024-12-18T10:06:44+00:00\" \/>\n<meta property=\"og:image\" content=\"https:\/\/lutz-blades.com\/wp-content\/uploads\/AdobeStock_329272814_Person-Freigestellt-2-1024x857.png\" \/>\n\t<meta property=\"og:image:width\" content=\"1024\" \/>\n\t<meta property=\"og:image:height\" content=\"857\" \/>\n\t<meta property=\"og:image:type\" content=\"image\/png\" \/>\n<meta name=\"twitter:card\" content=\"summary_large_image\" \/>\n<meta name=\"twitter:label1\" content=\"Dur\u00e9e de lecture estim\u00e9e\" \/>\n\t<meta name=\"twitter:data1\" content=\"3 minutes\" \/>\n<script type=\"application\/ld+json\" class=\"yoast-schema-graph\">{\"@context\":\"https:\/\/schema.org\",\"@graph\":[{\"@type\":\"WebPage\",\"@id\":\"https:\/\/lutz-blades.com\/fr\/marathon\/\",\"url\":\"https:\/\/lutz-blades.com\/fr\/marathon\/\",\"name\":\"LUTZ BLADES - tranchant, qualit\u00e9 & pr\u00e9cision de nos lames\",\"isPartOf\":{\"@id\":\"https:\/\/lutz-blades.com\/fr\/#website\"},\"primaryImageOfPage\":{\"@id\":\"https:\/\/lutz-blades.com\/fr\/marathon\/#primaryimage\"},\"image\":{\"@id\":\"https:\/\/lutz-blades.com\/fr\/marathon\/#primaryimage\"},\"thumbnailUrl\":\"https:\/\/lutz-blades.com\/wp-content\/uploads\/AdobeStock_329272814_Person-Freigestellt-2.png\",\"datePublished\":\"2024-06-19T12:49:15+00:00\",\"dateModified\":\"2024-12-18T10:06:44+00:00\",\"description\":\"Augmentez votre productivit\u00e9 avec LUTZ BLADES \u2705 Apprenez-en plus sur nos processus d'aff\u00fbtage, nos mat\u00e9riaux & nos solutions de lames sur mesure.\",\"breadcrumb\":{\"@id\":\"https:\/\/lutz-blades.com\/fr\/marathon\/#breadcrumb\"},\"inLanguage\":\"fr-FR\",\"potentialAction\":[{\"@type\":\"ReadAction\",\"target\":[\"https:\/\/lutz-blades.com\/fr\/marathon\/\"]}]},{\"@type\":\"ImageObject\",\"inLanguage\":\"fr-FR\",\"@id\":\"https:\/\/lutz-blades.com\/fr\/marathon\/#primaryimage\",\"url\":\"https:\/\/lutz-blades.com\/wp-content\/uploads\/AdobeStock_329272814_Person-Freigestellt-2.png\",\"contentUrl\":\"https:\/\/lutz-blades.com\/wp-content\/uploads\/AdobeStock_329272814_Person-Freigestellt-2.png\"},{\"@type\":\"BreadcrumbList\",\"@id\":\"https:\/\/lutz-blades.com\/fr\/marathon\/#breadcrumb\",\"itemListElement\":[{\"@type\":\"ListItem\",\"position\":1,\"name\":\"Startseite\",\"item\":\"https:\/\/lutz-blades.com\/fr\/\"},{\"@type\":\"ListItem\",\"position\":2,\"name\":\"MARATHON\"}]},{\"@type\":\"WebSite\",\"@id\":\"https:\/\/lutz-blades.com\/fr\/#website\",\"url\":\"https:\/\/lutz-blades.com\/fr\/\",\"name\":\"LUTZ BLADES exactly\",\"description\":\"\",\"publisher\":{\"@id\":\"https:\/\/lutz-blades.com\/fr\/#organization\"},\"potentialAction\":[{\"@type\":\"SearchAction\",\"target\":{\"@type\":\"EntryPoint\",\"urlTemplate\":\"https:\/\/lutz-blades.com\/fr\/?s={search_term_string}\"},\"query-input\":{\"@type\":\"PropertyValueSpecification\",\"valueRequired\":true,\"valueName\":\"search_term_string\"}}],\"inLanguage\":\"fr-FR\"},{\"@type\":\"Organization\",\"@id\":\"https:\/\/lutz-blades.com\/fr\/#organization\",\"name\":\"LUTZ BLADES exactly\",\"url\":\"https:\/\/lutz-blades.com\/fr\/\",\"logo\":{\"@type\":\"ImageObject\",\"inLanguage\":\"fr-FR\",\"@id\":\"https:\/\/lutz-blades.com\/fr\/#\/schema\/logo\/image\/\",\"url\":\"https:\/\/lutz-blades.com\/wp-content\/uploads\/lutz-blades-logo.svg\",\"contentUrl\":\"https:\/\/lutz-blades.com\/wp-content\/uploads\/lutz-blades-logo.svg\",\"width\":240,\"height\":66,\"caption\":\"LUTZ BLADES exactly\"},\"image\":{\"@id\":\"https:\/\/lutz-blades.com\/fr\/#\/schema\/logo\/image\/\"}}]}<\/script>\n<!-- \/ Yoast SEO plugin. -->","yoast_head_json":{"title":"LUTZ BLADES - tranchant, qualit\u00e9 & pr\u00e9cision de nos lames","description":"Augmentez votre productivit\u00e9 avec LUTZ BLADES \u2705 Apprenez-en plus sur nos processus d'aff\u00fbtage, nos mat\u00e9riaux & nos solutions de lames sur mesure.","robots":{"index":"index","follow":"follow","max-snippet":"max-snippet:-1","max-image-preview":"max-image-preview:large","max-video-preview":"max-video-preview:-1"},"canonical":"https:\/\/lutz-blades.com\/fr\/marathon\/","og_locale":"fr_FR","og_type":"article","og_title":"LUTZ BLADES - tranchant, qualit\u00e9 & pr\u00e9cision de nos lames","og_description":"Augmentez votre productivit\u00e9 avec LUTZ BLADES \u2705 Apprenez-en plus sur nos processus d'aff\u00fbtage, nos mat\u00e9riaux & nos solutions de lames sur mesure.","og_url":"https:\/\/lutz-blades.com\/fr\/marathon\/","og_site_name":"LUTZ BLADES exactly","article_modified_time":"2024-12-18T10:06:44+00:00","og_image":[{"width":1024,"height":857,"url":"https:\/\/lutz-blades.com\/wp-content\/uploads\/AdobeStock_329272814_Person-Freigestellt-2-1024x857.png","type":"image\/png"}],"twitter_card":"summary_large_image","twitter_misc":{"Dur\u00e9e de lecture estim\u00e9e":"3 minutes"},"schema":{"@context":"https:\/\/schema.org","@graph":[{"@type":"WebPage","@id":"https:\/\/lutz-blades.com\/fr\/marathon\/","url":"https:\/\/lutz-blades.com\/fr\/marathon\/","name":"LUTZ BLADES - tranchant, qualit\u00e9 & pr\u00e9cision de nos lames","isPartOf":{"@id":"https:\/\/lutz-blades.com\/fr\/#website"},"primaryImageOfPage":{"@id":"https:\/\/lutz-blades.com\/fr\/marathon\/#primaryimage"},"image":{"@id":"https:\/\/lutz-blades.com\/fr\/marathon\/#primaryimage"},"thumbnailUrl":"https:\/\/lutz-blades.com\/wp-content\/uploads\/AdobeStock_329272814_Person-Freigestellt-2.png","datePublished":"2024-06-19T12:49:15+00:00","dateModified":"2024-12-18T10:06:44+00:00","description":"Augmentez votre productivit\u00e9 avec LUTZ BLADES \u2705 Apprenez-en plus sur nos processus d'aff\u00fbtage, nos mat\u00e9riaux & nos solutions de lames sur mesure.","breadcrumb":{"@id":"https:\/\/lutz-blades.com\/fr\/marathon\/#breadcrumb"},"inLanguage":"fr-FR","potentialAction":[{"@type":"ReadAction","target":["https:\/\/lutz-blades.com\/fr\/marathon\/"]}]},{"@type":"ImageObject","inLanguage":"fr-FR","@id":"https:\/\/lutz-blades.com\/fr\/marathon\/#primaryimage","url":"https:\/\/lutz-blades.com\/wp-content\/uploads\/AdobeStock_329272814_Person-Freigestellt-2.png","contentUrl":"https:\/\/lutz-blades.com\/wp-content\/uploads\/AdobeStock_329272814_Person-Freigestellt-2.png"},{"@type":"BreadcrumbList","@id":"https:\/\/lutz-blades.com\/fr\/marathon\/#breadcrumb","itemListElement":[{"@type":"ListItem","position":1,"name":"Startseite","item":"https:\/\/lutz-blades.com\/fr\/"},{"@type":"ListItem","position":2,"name":"MARATHON"}]},{"@type":"WebSite","@id":"https:\/\/lutz-blades.com\/fr\/#website","url":"https:\/\/lutz-blades.com\/fr\/","name":"LUTZ BLADES exactly","description":"","publisher":{"@id":"https:\/\/lutz-blades.com\/fr\/#organization"},"potentialAction":[{"@type":"SearchAction","target":{"@type":"EntryPoint","urlTemplate":"https:\/\/lutz-blades.com\/fr\/?s={search_term_string}"},"query-input":{"@type":"PropertyValueSpecification","valueRequired":true,"valueName":"search_term_string"}}],"inLanguage":"fr-FR"},{"@type":"Organization","@id":"https:\/\/lutz-blades.com\/fr\/#organization","name":"LUTZ BLADES exactly","url":"https:\/\/lutz-blades.com\/fr\/","logo":{"@type":"ImageObject","inLanguage":"fr-FR","@id":"https:\/\/lutz-blades.com\/fr\/#\/schema\/logo\/image\/","url":"https:\/\/lutz-blades.com\/wp-content\/uploads\/lutz-blades-logo.svg","contentUrl":"https:\/\/lutz-blades.com\/wp-content\/uploads\/lutz-blades-logo.svg","width":240,"height":66,"caption":"LUTZ BLADES exactly"},"image":{"@id":"https:\/\/lutz-blades.com\/fr\/#\/schema\/logo\/image\/"}}]}},"_links":{"self":[{"href":"https:\/\/lutz-blades.com\/fr\/wp-json\/wp\/v2\/pages\/64327","targetHints":{"allow":["GET"]}}],"collection":[{"href":"https:\/\/lutz-blades.com\/fr\/wp-json\/wp\/v2\/pages"}],"about":[{"href":"https:\/\/lutz-blades.com\/fr\/wp-json\/wp\/v2\/types\/page"}],"author":[{"embeddable":true,"href":"https:\/\/lutz-blades.com\/fr\/wp-json\/wp\/v2\/users\/1"}],"replies":[{"embeddable":true,"href":"https:\/\/lutz-blades.com\/fr\/wp-json\/wp\/v2\/comments?post=64327"}],"version-history":[{"count":8,"href":"https:\/\/lutz-blades.com\/fr\/wp-json\/wp\/v2\/pages\/64327\/revisions"}],"predecessor-version":[{"id":79030,"href":"https:\/\/lutz-blades.com\/fr\/wp-json\/wp\/v2\/pages\/64327\/revisions\/79030"}],"wp:attachment":[{"href":"https:\/\/lutz-blades.com\/fr\/wp-json\/wp\/v2\/media?parent=64327"}],"curies":[{"name":"wp","href":"https:\/\/api.w.org\/{rel}","templated":true}]}}