{"id":7749,"date":"2023-04-28T09:24:26","date_gmt":"2023-04-28T07:24:26","guid":{"rendered":"https:\/\/wp.lutz-blades.com\/pie-de-imprenta\/"},"modified":"2025-08-26T13:40:42","modified_gmt":"2025-08-26T11:40:42","slug":"pie-de-imprenta","status":"publish","type":"page","link":"https:\/\/lutz-blades.com\/es\/pie-de-imprenta\/","title":{"rendered":"Pie de imprenta"},"content":{"rendered":"\n\t\t\t       \n            \n            <div class=\"hero hero-06f59568 sub\" data-slides=\"1\" data-start=\"0\">\n\t\t\t\t\n\t\t\t\t\t\t\t\t\n\t\t\t\t<div class=\"acf-innerblocks-container\">\n\r\n\t\t\t       \r\n                    \r\n            <div class=\"hero-slide hero-slide-67803d6f is-style-image\">\r\n\t\t\t\t<div class=\"hero-canvas\" data-aos=\"fade-right\">\r\n\t\t\t\t\t<h1 class=\"hero-headline\">Pie de imprenta<\/h1>\t\t\t\t\t<span class=\"hero-subheadline subheadline\">LUTZ BLADES exactamente<\/span>\t\t\t\t\t\t\t\t\t<\/div>\r\n\t\t\t\t<div class=\"hero-media hero-media-image\" data-aos=\"fade-left\"><img loading=\"lazy\" decoding=\"async\" width=\"1860\" height=\"720\" src=\"https:\/\/lutz-blades.com\/wp-content\/uploads\/lutz-blades-standort-solingen.jpg\" class=\"attachment-full size-full\" alt=\"\" srcset=\"https:\/\/lutz-blades.com\/wp-content\/uploads\/lutz-blades-standort-solingen.jpg 1860w, https:\/\/lutz-blades.com\/wp-content\/uploads\/lutz-blades-standort-solingen-300x116.jpg 300w, https:\/\/lutz-blades.com\/wp-content\/uploads\/lutz-blades-standort-solingen-1024x396.jpg 1024w, https:\/\/lutz-blades.com\/wp-content\/uploads\/lutz-blades-standort-solingen-768x297.jpg 768w, https:\/\/lutz-blades.com\/wp-content\/uploads\/lutz-blades-standort-solingen-1536x595.jpg 1536w, https:\/\/lutz-blades.com\/wp-content\/uploads\/lutz-blades-standort-solingen-800x310.jpg 800w, https:\/\/lutz-blades.com\/wp-content\/uploads\/lutz-blades-standort-solingen-25x10.jpg 25w, https:\/\/lutz-blades.com\/wp-content\/uploads\/lutz-blades-standort-solingen-40x15.jpg 40w, https:\/\/lutz-blades.com\/wp-content\/uploads\/lutz-blades-standort-solingen-50x19.jpg 50w\" sizes=\"auto, (max-width: 1860px) 100vw, 1860px\" \/><\/div>            <\/div>\r\n\t\t\t\t\r\n            \t\t\t\r\n\t\t\t\r\n\r\n\r\n            \n<\/div>\n\t\t\t\t\t\t\t\t\t\t\t\t\n\t\t\t\t\t\t\t<\/div>\n\t\t\t\t\n\t\t\t\n\t\t\t        \n            \n\n<section class=\"gb-container gb-container-f420d16f gb-container-white\">\n<div class=\"gb-container gb-container-1bb3f6f5\">\n\n<div class=\"wp-block-pixel-headline headlines is-subheadline-bottom has-text-align-left\"><h2 class=\"headline\" style=\"color:\">Pie de imprenta<\/h2><\/div>\n\n\n<div class=\"gb-grid-wrapper gb-grid-wrapper-20769924\">\n<div class=\"gb-grid-column gb-grid-column-ff356af9\"><div class=\"gb-container gb-container-ff356af9\" data-aos=\"fade-right\">\n\n<p>LUTZ GmbH &amp; Co. KG<br>Piepersberg 20<br>42653 Solingen<br>Alemania<\/p>\n\n\n\n<p><strong>Contacto:<\/strong><br>Tel: <a href=\"tel:+4921259660\" target=\"_blank\" rel=\"nofollow\">+49 212 5966-0<\/a><br>Correo electr\u00f3nico:  <a href=\"mailto:info@lutz-blades.com\"><\/a><a href=\"javascript:linkTo_UnCryptMailto(%27ocknvq%2CkphqBnwvb%5C%2Fdncfgu0eqo%27);\" target=\"_blank\" rel=\"nofollow\">info@lutz-blades.com<\/a><\/p>\n\n\n\n<p><strong>N\u00famero de identificaci\u00f3n fiscal:<\/strong><br>CIF: DE 120874491<\/p>\n\n\n\n<p><strong>Registro mercantil:<\/strong><br>Juzgado de Primera Instancia de Wuppertal, Registro Mercantil A 19444<\/p>\n\n\n\n<p><strong>Socio general:<\/strong><br>Lutz-Verwaltungs GmbH<br>Juzgado de Primera Instancia de Wuppertal, Registro Mercantil B 16707<\/p>\n\n\n\n<p><strong>Director General:<br><\/strong>Dipl.-Ing. (FH) Alexander Lutz<br>Ingeniero diplomado (FH) Martin Wurth<br>Dipl.-\u00d6k. Christian Kn\u00f6ppel<\/p>\n\n\n\n<p><strong>Protecci\u00f3n de los denunciantes<\/strong>:<br><a href=\"mailto:Hinweisgeberschutz-LUTZ@web.de\" target=\"_blank\" rel=\"nofollow\">Hinweisgeberschutz-LUTZ@web.de<\/a><\/p>\n\n\n\n<div class=\"wp-block-pixel-headline headlines is-subheadline-bottom has-text-align-left\"><h3 class=\"headline\" style=\"color:\">Resoluci\u00f3n de litigios<\/h3><\/div>\n\n\n\n<p>No estamos dispuestos ni obligados a participar en procedimientos de resoluci\u00f3n de litigios ante una junta arbitral de consumo.<\/p>\n\n<\/div><\/div>\n\n<div class=\"gb-grid-column gb-grid-column-3bae260f\"><div class=\"gb-container gb-container-3bae260f\" data-aos=\"fade-left\">\n\n<div class=\"wp-block-pixel-headline headlines is-subheadline-bottom has-text-align-left\"><h3 class=\"headline\" style=\"color:\">Responsabilidad por el contenido<\/h3><\/div>\n\n\n\n<p>Como proveedor de servicios, estamos obligados seg\u00fan el \u00a7 7 p\u00e1rr. 1 DDG, la Ley Alemana de Servicios Digitales (DDG) es responsable de su propio contenido en estas p\u00e1ginas de acuerdo con las leyes generales. Sin embargo, de acuerdo con los art\u00edculos 8 a 10 de la DDG, no estamos obligados como proveedores de servicios a supervisar la informaci\u00f3n de terceros transmitida o almacenada ni a investigar circunstancias que indiquen una actividad ilegal.<\/p>\n\n\n\n<p>Esto no afecta a las obligaciones de eliminar o bloquear el uso de informaci\u00f3n de conformidad con las leyes generales. Sin embargo, la responsabilidad a este respecto s\u00f3lo es posible a partir del momento en que se tiene conocimiento de una infracci\u00f3n concreta. Si tenemos conocimiento de alguna infracci\u00f3n de este tipo, eliminaremos este contenido inmediatamente.<\/p>\n\n\n\n<div class=\"wp-block-pixel-headline headlines is-subheadline-bottom has-text-align-left\"><h3 class=\"headline\" style=\"color:\">Responsabilidad de los enlaces<\/h3><\/div>\n\n\n\n<p>Nuestra oferta contiene enlaces a sitios web externos de terceros, sobre cuyos contenidos no tenemos ninguna influencia. Por lo tanto, no podemos asumir ninguna responsabilidad por estos contenidos externos. El respectivo proveedor u operador de las p\u00e1ginas es siempre responsable del contenido de las p\u00e1ginas enlazadas. En el momento de establecer el enlace, se comprob\u00f3 que las p\u00e1ginas enlazadas no infringieran la ley. Los contenidos ilegales no eran reconocibles en el momento del enlace.<\/p>\n\n\n\n<p>Sin embargo, un control permanente de los contenidos de las p\u00e1ginas enlazadas no es razonable sin indicios concretos de violaci\u00f3n de la ley. Si tenemos conocimiento de alguna infracci\u00f3n de la ley, eliminaremos dichos enlaces inmediatamente.<\/p>\n\n\n\n<div class=\"wp-block-pixel-headline headlines is-subheadline-bottom has-text-align-left\"><h3 class=\"headline\" style=\"color:\">Copyright<\/h3><\/div>\n\n\n\n<p>Los contenidos y obras creados por los operadores del sitio en estas p\u00e1ginas est\u00e1n sujetos a la legislaci\u00f3n alemana sobre derechos de autor. La reproducci\u00f3n, edici\u00f3n, distribuci\u00f3n y cualquier tipo de utilizaci\u00f3n fuera de los l\u00edmites de la ley de propiedad intelectual requieren el consentimiento por escrito del autor o creador correspondiente. Las descargas y copias de esta p\u00e1gina s\u00f3lo est\u00e1n permitidas para uso privado y no comercial.<\/p>\n\n\n\n<p>En la medida en que el contenido de esta p\u00e1gina no haya sido creado por el operador, se respetan los derechos de autor de terceros. En particular, los contenidos de terceros se identifican como tales. No obstante, si tiene conocimiento de una infracci\u00f3n de los derechos de autor, le rogamos que nos lo comunique. Si tenemos conocimiento de alguna infracci\u00f3n, eliminaremos dicho contenido inmediatamente.<\/p>\n\n<\/div><\/div>\n<\/div>\n<\/div>\n<\/section>","protected":false},"excerpt":{"rendered":"","protected":false},"author":1,"featured_media":0,"parent":0,"menu_order":27,"comment_status":"closed","ping_status":"closed","template":"","meta":{"_acf_changed":false,"footnotes":""},"class_list":{"0":"post-7749","1":"page","2":"type-page","3":"status-publish","5":"no-featured-image-padding"},"acf":[],"yoast_head":"<!-- This site is optimized with the Yoast SEO plugin v27.2 - https:\/\/yoast.com\/product\/yoast-seo-wordpress\/ -->\n<title>Pie de imprenta - LUTZ BLADES<\/title>\n<meta name=\"description\" content=\"M\u00e1s informaci\u00f3n sobre el pie de imprenta de LUTZ BLADES \u27a1 Aqu\u00ed encontrar\u00e1 los datos de contacto y la informaci\u00f3n legal de la empresa.\" \/>\n<meta name=\"robots\" content=\"index, follow, max-snippet:-1, max-image-preview:large, max-video-preview:-1\" \/>\n<link rel=\"canonical\" href=\"https:\/\/lutz-blades.com\/es\/pie-de-imprenta\/\" \/>\n<meta property=\"og:locale\" content=\"es_ES\" \/>\n<meta property=\"og:type\" content=\"article\" \/>\n<meta property=\"og:title\" content=\"Pie de imprenta - LUTZ BLADES\" \/>\n<meta property=\"og:description\" content=\"M\u00e1s informaci\u00f3n sobre el pie de imprenta de LUTZ BLADES \u27a1 Aqu\u00ed encontrar\u00e1 los datos de contacto y la informaci\u00f3n legal de la empresa.\" \/>\n<meta property=\"og:url\" content=\"https:\/\/lutz-blades.com\/es\/pie-de-imprenta\/\" \/>\n<meta property=\"og:site_name\" content=\"LUTZ BLADES exactly\" \/>\n<meta property=\"article:modified_time\" content=\"2025-08-26T11:40:42+00:00\" \/>\n<meta name=\"twitter:card\" content=\"summary_large_image\" \/>\n<meta name=\"twitter:label1\" content=\"Tiempo de lectura\" \/>\n\t<meta name=\"twitter:data1\" content=\"3 minutos\" \/>\n<script type=\"application\/ld+json\" class=\"yoast-schema-graph\">{\"@context\":\"https:\/\/schema.org\",\"@graph\":[{\"@type\":\"WebPage\",\"@id\":\"https:\/\/lutz-blades.com\/es\/pie-de-imprenta\/\",\"url\":\"https:\/\/lutz-blades.com\/es\/pie-de-imprenta\/\",\"name\":\"Pie de imprenta - LUTZ BLADES\",\"isPartOf\":{\"@id\":\"https:\/\/lutz-blades.com\/es\/#website\"},\"datePublished\":\"2023-04-28T07:24:26+00:00\",\"dateModified\":\"2025-08-26T11:40:42+00:00\",\"description\":\"M\u00e1s informaci\u00f3n sobre el pie de imprenta de LUTZ BLADES \u27a1 Aqu\u00ed encontrar\u00e1 los datos de contacto y la informaci\u00f3n legal de la empresa.\",\"breadcrumb\":{\"@id\":\"https:\/\/lutz-blades.com\/es\/pie-de-imprenta\/#breadcrumb\"},\"inLanguage\":\"es\",\"potentialAction\":[{\"@type\":\"ReadAction\",\"target\":[\"https:\/\/lutz-blades.com\/es\/pie-de-imprenta\/\"]}]},{\"@type\":\"BreadcrumbList\",\"@id\":\"https:\/\/lutz-blades.com\/es\/pie-de-imprenta\/#breadcrumb\",\"itemListElement\":[{\"@type\":\"ListItem\",\"position\":1,\"name\":\"Startseite\",\"item\":\"https:\/\/lutz-blades.com\/es\/\"},{\"@type\":\"ListItem\",\"position\":2,\"name\":\"Pie de imprenta\"}]},{\"@type\":\"WebSite\",\"@id\":\"https:\/\/lutz-blades.com\/es\/#website\",\"url\":\"https:\/\/lutz-blades.com\/es\/\",\"name\":\"LUTZ BLADES exactly\",\"description\":\"\",\"publisher\":{\"@id\":\"https:\/\/lutz-blades.com\/es\/#organization\"},\"potentialAction\":[{\"@type\":\"SearchAction\",\"target\":{\"@type\":\"EntryPoint\",\"urlTemplate\":\"https:\/\/lutz-blades.com\/es\/?s={search_term_string}\"},\"query-input\":{\"@type\":\"PropertyValueSpecification\",\"valueRequired\":true,\"valueName\":\"search_term_string\"}}],\"inLanguage\":\"es\"},{\"@type\":\"Organization\",\"@id\":\"https:\/\/lutz-blades.com\/es\/#organization\",\"name\":\"LUTZ BLADES exactly\",\"url\":\"https:\/\/lutz-blades.com\/es\/\",\"logo\":{\"@type\":\"ImageObject\",\"inLanguage\":\"es\",\"@id\":\"https:\/\/lutz-blades.com\/es\/#\/schema\/logo\/image\/\",\"url\":\"https:\/\/lutz-blades.com\/wp-content\/uploads\/lutz-blades-logo.svg\",\"contentUrl\":\"https:\/\/lutz-blades.com\/wp-content\/uploads\/lutz-blades-logo.svg\",\"width\":240,\"height\":66,\"caption\":\"LUTZ BLADES exactly\"},\"image\":{\"@id\":\"https:\/\/lutz-blades.com\/es\/#\/schema\/logo\/image\/\"}}]}<\/script>\n<!-- \/ Yoast SEO plugin. -->","yoast_head_json":{"title":"Pie de imprenta - LUTZ BLADES","description":"M\u00e1s informaci\u00f3n sobre el pie de imprenta de LUTZ BLADES \u27a1 Aqu\u00ed encontrar\u00e1 los datos de contacto y la informaci\u00f3n legal de la empresa.","robots":{"index":"index","follow":"follow","max-snippet":"max-snippet:-1","max-image-preview":"max-image-preview:large","max-video-preview":"max-video-preview:-1"},"canonical":"https:\/\/lutz-blades.com\/es\/pie-de-imprenta\/","og_locale":"es_ES","og_type":"article","og_title":"Pie de imprenta - LUTZ BLADES","og_description":"M\u00e1s informaci\u00f3n sobre el pie de imprenta de LUTZ BLADES \u27a1 Aqu\u00ed encontrar\u00e1 los datos de contacto y la informaci\u00f3n legal de la empresa.","og_url":"https:\/\/lutz-blades.com\/es\/pie-de-imprenta\/","og_site_name":"LUTZ BLADES exactly","article_modified_time":"2025-08-26T11:40:42+00:00","twitter_card":"summary_large_image","twitter_misc":{"Tiempo de lectura":"3 minutos"},"schema":{"@context":"https:\/\/schema.org","@graph":[{"@type":"WebPage","@id":"https:\/\/lutz-blades.com\/es\/pie-de-imprenta\/","url":"https:\/\/lutz-blades.com\/es\/pie-de-imprenta\/","name":"Pie de imprenta - LUTZ BLADES","isPartOf":{"@id":"https:\/\/lutz-blades.com\/es\/#website"},"datePublished":"2023-04-28T07:24:26+00:00","dateModified":"2025-08-26T11:40:42+00:00","description":"M\u00e1s informaci\u00f3n sobre el pie de imprenta de LUTZ BLADES \u27a1 Aqu\u00ed encontrar\u00e1 los datos de contacto y la informaci\u00f3n legal de la empresa.","breadcrumb":{"@id":"https:\/\/lutz-blades.com\/es\/pie-de-imprenta\/#breadcrumb"},"inLanguage":"es","potentialAction":[{"@type":"ReadAction","target":["https:\/\/lutz-blades.com\/es\/pie-de-imprenta\/"]}]},{"@type":"BreadcrumbList","@id":"https:\/\/lutz-blades.com\/es\/pie-de-imprenta\/#breadcrumb","itemListElement":[{"@type":"ListItem","position":1,"name":"Startseite","item":"https:\/\/lutz-blades.com\/es\/"},{"@type":"ListItem","position":2,"name":"Pie de imprenta"}]},{"@type":"WebSite","@id":"https:\/\/lutz-blades.com\/es\/#website","url":"https:\/\/lutz-blades.com\/es\/","name":"LUTZ BLADES exactly","description":"","publisher":{"@id":"https:\/\/lutz-blades.com\/es\/#organization"},"potentialAction":[{"@type":"SearchAction","target":{"@type":"EntryPoint","urlTemplate":"https:\/\/lutz-blades.com\/es\/?s={search_term_string}"},"query-input":{"@type":"PropertyValueSpecification","valueRequired":true,"valueName":"search_term_string"}}],"inLanguage":"es"},{"@type":"Organization","@id":"https:\/\/lutz-blades.com\/es\/#organization","name":"LUTZ BLADES exactly","url":"https:\/\/lutz-blades.com\/es\/","logo":{"@type":"ImageObject","inLanguage":"es","@id":"https:\/\/lutz-blades.com\/es\/#\/schema\/logo\/image\/","url":"https:\/\/lutz-blades.com\/wp-content\/uploads\/lutz-blades-logo.svg","contentUrl":"https:\/\/lutz-blades.com\/wp-content\/uploads\/lutz-blades-logo.svg","width":240,"height":66,"caption":"LUTZ BLADES exactly"},"image":{"@id":"https:\/\/lutz-blades.com\/es\/#\/schema\/logo\/image\/"}}]}},"_links":{"self":[{"href":"https:\/\/lutz-blades.com\/es\/wp-json\/wp\/v2\/pages\/7749","targetHints":{"allow":["GET"]}}],"collection":[{"href":"https:\/\/lutz-blades.com\/es\/wp-json\/wp\/v2\/pages"}],"about":[{"href":"https:\/\/lutz-blades.com\/es\/wp-json\/wp\/v2\/types\/page"}],"author":[{"embeddable":true,"href":"https:\/\/lutz-blades.com\/es\/wp-json\/wp\/v2\/users\/1"}],"replies":[{"embeddable":true,"href":"https:\/\/lutz-blades.com\/es\/wp-json\/wp\/v2\/comments?post=7749"}],"version-history":[{"count":12,"href":"https:\/\/lutz-blades.com\/es\/wp-json\/wp\/v2\/pages\/7749\/revisions"}],"predecessor-version":[{"id":90431,"href":"https:\/\/lutz-blades.com\/es\/wp-json\/wp\/v2\/pages\/7749\/revisions\/90431"}],"wp:attachment":[{"href":"https:\/\/lutz-blades.com\/es\/wp-json\/wp\/v2\/media?parent=7749"}],"curies":[{"name":"wp","href":"https:\/\/api.w.org\/{rel}","templated":true}]}}